{"id":78,"date":"2009-02-27T15:37:16","date_gmt":"2009-02-27T14:37:16","guid":{"rendered":"http:\/\/www.hochema.nl\/fr\/?page_id=78"},"modified":"2009-04-09T13:23:35","modified_gmt":"2009-04-09T12:23:35","slug":"pc-36-liquide","status":"publish","type":"page","link":"https:\/\/www.hochema.nl\/fr\/produits\/pc-36-liquide\/","title":{"rendered":"PC 36-Liquide"},"content":{"rendered":"<table border=\"0\">\n<tbody>\n<tr valign=\"top\">\n<td><span style=\"font-size: x-small;\"><span style=\"font-family: Arial; letter-spacing: -0.1pt; mso-bidi-font-family: 'Times New Roman'; mso-fareast-font-family: 'Times New Roman'; mso-ansi-language: NL; mso-fareast-language: NL; mso-bidi-language: AR-SA;\"><strong>Utilisation:<\/strong><\/span><\/span><\/td>\n<td>\u00a0<\/td>\n<td style=\"text-align: left;\"><span style=\"font-size: x-small;\">PC 36-Liquide est un nettoyant fortement alcalin pour une m\u00e9thode d&#8217;immersion et nettoyage avec assistance de Ultrason. PC 36-Liquide est un produit \u00e0 plusieurs propri\u00e9t\u00e9s diff\u00e9rentes, certaines.\u00a0 <\/span><span style=\"font-size: x-small;\"><span style=\"text-decoration: underline;\">Les utilisations sont<\/span>:\u00a0 <\/span><span style=\"font-size: x-small;\">1. Nettoyer et d\u00e9rouiller en un seul coup.\u00a0 <\/span><span style=\"font-size: x-small;\">2. \u00c9limination du reste de cyanide de sodium lors du durcissement.\u00a0 <\/span><span style=\"font-size: x-small;\">3. Nettoyage des encres d&#8217;imprimerie dans l&#8217;industrie graphique.\u00a0 <\/span><\/p>\n<p><span style=\"font-size: x-small;\">4. \u00c9limination du reste de charbon sur blocs- moteurs, traces de peinture etc.<\/span><\/td>\n<\/tr>\n<tr>\n<td><span style=\"font-size: x-small;\">\u00a0<\/span><\/td>\n<td>\u00a0<\/td>\n<td><span style=\"font-size: x-small;\">\u00a0<\/span><\/td>\n<\/tr>\n<tr valign=\"top\">\n<td><span style=\"font-size: x-small; font-family: Arial; letter-spacing: -0.1pt; mso-bidi-font-family: 'Times New Roman'; mso-fareast-font-family: 'Times New Roman'; mso-ansi-language: NL; mso-fareast-language: NL; mso-bidi-language: AR-SA;\"><strong>Propri\u00e9t\u00e9s:<\/strong><\/span><\/td>\n<td>\u00a0<\/td>\n<td>\n<p class=\"MsoNormal\" style=\"margin: 0cm 0cm 0pt; text-align: left; mso-hyphenate: none;\"><span style=\"font-size: x-small;\"><span style=\"font-family: Arial; letter-spacing: -0.1pt; mso-bidi-font-family: 'Times New Roman';\">PC 36-Liquide est un produit de nettoyage liquide sans phosphate et fortement alcalin.\u00a0 PC 36-Liquide est seulement valable pour mat\u00e9riaux ferreux et bronze.<\/span><\/span><\/p>\n<\/td>\n<\/tr>\n<tr>\n<td><span style=\"font-size: x-small;\">\u00a0<\/span><\/td>\n<td>\u00a0<\/td>\n<td><span style=\"font-size: x-small;\">\u00a0<\/span><\/td>\n<\/tr>\n<tr>\n<td><strong><span style=\"font-size: x-small; font-family: Arial;\">Emballage:<\/span><\/strong><\/td>\n<td>\u00a0<\/td>\n<td>\n<p class=\"MsoNormal\" style=\"margin: 0cm 0cm 0pt; mso-hyphenate: none;\"><span style=\"font-size: x-small; font-family: Arial; letter-spacing: -0.1pt; mso-bidi-font-family: 'Times New Roman';\">Les f\u00fbts\u00a0synth\u00e9tiques de\u00a025 kg.<\/span><\/p>\n<\/td>\n<\/tr>\n<tr>\n<td><span style=\"font-size: x-small;\">\u00a0<\/span><\/td>\n<td>\u00a0<\/td>\n<td><span style=\"font-size: x-small;\">\u00a0<\/span><\/td>\n<\/tr>\n<tr valign=\"top\">\n<td><strong><span style=\"font-size: x-small; font-family: Arial;\">Normes\u00a0de\u00a0s\u00e9curit\u00e9:<\/span><\/strong><\/td>\n<td>\u00a0<\/td>\n<td>\n<p class=\"MsoNormal\" style=\"margin: 0cm 0cm 0pt; mso-hyphenate: none;\"><span style=\"font-size: x-small; font-family: Arial; letter-spacing: -0.1pt; mso-bidi-font-family: 'Times New Roman';\">Porter des gants, tabliers et des lunettes de s\u00e9curit\u00e9, \u00e9viter le contact avec la peau.\u00a0 Au contact avec\u00a0des yeux, rincer 15 minutes et consulter le m\u00e9decin.\u00a0 Ne jamais porter des v\u00eatements tach\u00e9s de produit.<\/span><\/p>\n<\/td>\n<\/tr>\n<tr>\n<td>\u00a0<\/td>\n<td>\u00a0<\/td>\n<td><span style=\"font-size: x-small;\">\u00a0<\/span><\/td>\n<\/tr>\n<tr valign=\"top\">\n<td><span style=\"font-size: x-small;\"><strong>Dosage:<\/strong><\/span><\/td>\n<td>\u00a0<\/td>\n<td><span style=\"font-size: x-small;\">Manuellement ou par dosage automatique \u00e0 base de conductivit\u00e9.<\/span><\/td>\n<\/tr>\n<tr>\n<td>\u00a0<\/td>\n<td>\u00a0<\/td>\n<td>\u00a0<\/td>\n<\/tr>\n<tr valign=\"top\">\n<td><strong><span style=\"font-size: x-small;\">Le mesurage:<\/span><\/strong><\/td>\n<td>\u00a0<\/td>\n<td><span style=\"font-size: x-small;\">M\u00e9thode par\u00a0titrage ou avec l&#8217;instrument de mesure de conductivit\u00e9.\u00a0\u00a0<\/span><span style=\"font-size: x-small;\"><span style=\"font-family: Arial;\">Consulter notre expert!<\/span><\/span><\/td>\n<\/tr>\n<tr>\n<td>\u00a0<\/td>\n<td>\u00a0\u00a0<\/td>\n<td>\u00a0<\/td>\n<\/tr>\n<\/tbody>\n<\/table>\n<table border=\"0\">\n<tbody>\n<tr>\n<td style=\"text-align: left;\"><span style=\"font-size: x-small;\"><span style=\"font-family: Arial; letter-spacing: -0.1pt; mso-bidi-font-family: 'Times New Roman'; mso-fareast-font-family: 'Times New Roman'; mso-ansi-language: NL; mso-fareast-language: NL; mso-bidi-language: AR-SA;\"><strong>Donn\u00e9es\u00a0techniques:<\/strong><\/span> <\/span><\/td>\n<td>\u00a0<\/td>\n<td style=\"text-align: left;\"><span style=\"font-size: x-small;\">Aspect:\u00a0\u00a0\u00a0\u00a0\u00a0\u00a0\u00a0\u00a0\u00a0\u00a0\u00a0\u00a0\u00a0\u00a0\u00a0\u00a0\u00a0<\/span><\/td>\n<td style=\"text-align: left;\"><span style=\"font-size: x-small;\"><strong style=\"mso-bidi-font-weight: normal;\"><span style=\"font-family: Arial; letter-spacing: -0.1pt; mso-bidi-font-family: 'Times New Roman';\">PC\u00a036-Liquide<\/span><\/strong><span style=\"font-family: Arial; letter-spacing: -0.1pt; mso-bidi-font-family: 'Times New Roman';\"> est un liquide.<\/span>\u00a0<\/span><\/td>\n<\/tr>\n<tr>\n<td><span style=\"font-size: x-small;\">\u00a0<\/span><\/td>\n<td>\u00a0<\/td>\n<td><span style=\"font-size: x-small; font-family: Arial; letter-spacing: -0.1pt; mso-bidi-font-family: 'Times New Roman'; mso-fareast-font-family: 'Times New Roman'; mso-ansi-language: NL; mso-fareast-language: NL; mso-bidi-language: AR-SA;\">Densit\u00e9:<\/span><\/td>\n<td>\n<p class=\"MsoNormal\" style=\"margin: 0cm 0cm 0pt; mso-hyphenate: none;\"><span style=\"font-size: x-small; font-family: Arial; letter-spacing: -0.1pt; mso-bidi-font-family: 'Times New Roman';\">1,30 kg\/l.<\/span><\/p>\n<\/td>\n<\/tr>\n<tr>\n<td><span style=\"font-size: x-small;\">\u00a0<\/span><\/td>\n<td>\u00a0<\/td>\n<td><span style=\"font-family: Arial; letter-spacing: -0.1pt; mso-bidi-font-family: 'Times New Roman'; mso-fareast-font-family: 'Times New Roman'; mso-ansi-language: NL; mso-fareast-language: NL; mso-bidi-language: AR-SA;\"><span style=\"font-size: x-small;\">Valeur pH:<span style=\"mso-spacerun: yes;\">\u00a0\u00a0 <\/span><\/span><\/span><\/td>\n<td>\n<p class=\"MsoNormal\" style=\"margin: 0cm 0cm 0pt; mso-hyphenate: none;\"><span style=\"font-size: x-small; font-family: Arial; letter-spacing: -0.1pt; mso-bidi-font-family: 'Times New Roman';\">pH\u00a013.0\u00a0a 20% solution.<\/span><\/p>\n<\/td>\n<\/tr>\n<tr>\n<td><span style=\"font-size: x-small;\">\u00a0<\/span><\/td>\n<td>\u00a0<\/td>\n<td style=\"text-align: left;\"><span style=\"font-family: Arial; letter-spacing: -0.1pt; mso-bidi-font-family: 'Times New Roman'; mso-fareast-font-family: 'Times New Roman'; mso-ansi-language: NL; mso-fareast-language: NL; mso-bidi-language: AR-SA;\"><span style=\"font-size: x-small;\">Le mat\u00e9riel de la cuve:<\/span><\/span><\/td>\n<td valign=\"top\">\n<p class=\"MsoNormal\" style=\"margin: 0cm 0cm 0pt; mso-hyphenate: none;\"><span style=\"font-size: x-small; font-family: Arial; letter-spacing: -0.1pt; mso-bidi-font-family: 'Times New Roman';\">Acier ou acier inoxydable.<\/span><\/p>\n<\/td>\n<\/tr>\n<tr>\n<td>\u00a0<\/td>\n<td>\u00a0<\/td>\n<td><span style=\"font-size: x-small; font-family: Arial;\">Solubilit\u00e9:\u00a0\u00a0\u00a0\u00a0\u00a0\u00a0\u00a0\u00a0\u00a0\u00a0\u00a0\u00a0\u00a0\u00a0\u00a0\u00a0\u00a0\u00a0\u00a0\u00a0\u00a0\u00a0\u00a0\u00a0\u00a0\u00a0\u00a0 <\/span><\/td>\n<td><span style=\"font-size: x-small; font-family: Arial;\">Micible \u00e0 l&#8217;eau entre 1 &#8211; 40% \u00e0 20\u00b0C<\/span><\/td>\n<\/tr>\n<tr valign=\"top\">\n<td><span style=\"font-size: x-small;\">\u00a0<\/span><\/td>\n<td>\u00a0<\/td>\n<td><span style=\"font-size: x-small; font-family: Arial; letter-spacing: -0.1pt; mso-bidi-font-family: 'Times New Roman'; mso-fareast-font-family: 'Times New Roman'; mso-ansi-language: NL; mso-fareast-language: NL; mso-bidi-language: AR-SA;\">Evacuation:<\/span><\/td>\n<td>\n<p class=\"MsoNormal\" style=\"margin: 0cm 0cm 0pt; text-align: left; mso-hyphenate: none;\"><span style=\"font-size: x-small;\"><span style=\"font-family: Arial; letter-spacing: -0.1pt; mso-bidi-font-family: 'Times New Roman';\">PC 36-Liquide est biod\u00e9gradable, mais apr\u00e8s usage les restens de PC 36-Liquide pollu\u00e9s doivent \u00eatre trait\u00e9s comme r\u00e9sidus chimiques.\u00a0 Consulter notre expert!<\/span><\/span><\/p>\n<\/td>\n<\/tr>\n<tr>\n<td><span style=\"font-size: x-small;\">\u00a0<\/span><\/td>\n<td>\u00a0<\/td>\n<td><span style=\"font-size: x-small;\">\u00a0<\/span><\/td>\n<td><span style=\"font-size: x-small;\">\u00a0<\/span><\/td>\n<\/tr>\n<tr>\n<td><span style=\"font-size: x-small; font-family: Arial; letter-spacing: -0.1pt; mso-bidi-font-family: 'Times New Roman'; mso-fareast-font-family: 'Times New Roman'; mso-ansi-language: NL; mso-fareast-language: NL; mso-bidi-language: AR-SA;\"><strong>Mode d&#8217;emploi:<\/strong><\/span><\/td>\n<td>\u00a0<\/td>\n<td><span style=\"font-size: x-small; font-family: Arial; letter-spacing: -0.1pt; mso-bidi-font-family: 'Times New Roman'; mso-fareast-font-family: 'Times New Roman'; mso-ansi-language: NL; mso-fareast-language: NL; mso-bidi-language: AR-SA;\">Dosage:<\/span><\/td>\n<td><span style=\"font-size: x-small; font-family: Arial; letter-spacing: -0.1pt; mso-bidi-font-family: 'Times New Roman'; mso-fareast-font-family: 'Times New Roman'; mso-ansi-language: NL; mso-fareast-language: NL; mso-bidi-language: AR-SA;\">10\u00a0&#8211; 30%, d\u00e9pendant de l&#8217;utilisation.<\/span><\/td>\n<\/tr>\n<tr>\n<td><span style=\"font-size: x-small;\">\u00a0<\/span><\/td>\n<td>\u00a0<\/td>\n<td><span style=\"font-size: x-small; font-family: Arial; letter-spacing: -0.1pt; mso-bidi-font-family: 'Times New Roman'; mso-fareast-font-family: 'Times New Roman'; mso-ansi-language: NL; mso-fareast-language: NL; mso-bidi-language: AR-SA;\">Temperature:<\/span><\/td>\n<td><span style=\"font-size: x-small; font-family: Arial; letter-spacing: -0.1pt; mso-bidi-font-family: 'Times New Roman'; mso-fareast-font-family: 'Times New Roman'; mso-ansi-language: NL; mso-fareast-language: NL; mso-bidi-language: AR-SA;\">\u00b1 60\/90\u00b0C.<\/span><\/td>\n<\/tr>\n<tr>\n<td><span style=\"font-size: x-small;\">\u00a0<\/span><\/td>\n<td>\u00a0<\/td>\n<td style=\"text-align: left;\"><span style=\"font-size: x-small; font-family: Arial; letter-spacing: -0.1pt; mso-bidi-font-family: 'Times New Roman'; mso-fareast-font-family: 'Times New Roman'; mso-ansi-language: NL; mso-fareast-language: NL; mso-bidi-language: AR-SA;\">Dur\u00e9e de nettoyage:<\/span><\/td>\n<td><span style=\"font-size: x-small; font-family: Arial; letter-spacing: -0.1pt; mso-bidi-font-family: 'Times New Roman'; mso-fareast-font-family: 'Times New Roman'; mso-ansi-language: NL; mso-fareast-language: NL; mso-bidi-language: AR-SA;\">D\u00e9pendant de l&#8217;utilisation.<\/span><\/td>\n<\/tr>\n<tr>\n<td><span style=\"font-size: x-small;\">\u00a0<\/span><\/td>\n<td>\u00a0<\/td>\n<td style=\"text-align: left;\"><span style=\"font-size: x-small; font-family: Arial; letter-spacing: -0.1pt; mso-bidi-font-family: 'Times New Roman'; mso-fareast-font-family: 'Times New Roman'; mso-ansi-language: NL; mso-fareast-language: NL; mso-bidi-language: AR-SA;\">Dosage de la produit: <\/span><\/td>\n<td><span style=\"font-size: x-small; font-family: Arial; letter-spacing: -0.1pt; mso-bidi-font-family: 'Times New Roman'; mso-fareast-font-family: 'Times New Roman'; mso-ansi-language: NL; mso-fareast-language: NL; mso-bidi-language: AR-SA;\">Le produit doit \u00eatre ajout\u00e9 uniquement \u00e0\u00a0l&#8217;eau froide.<\/span><\/td>\n<\/tr>\n<\/tbody>\n<\/table>\n<p><a href=\"javascript:history.go(-1);\"><img loading=\"lazy\" class=\"alignright size-medium wp-image-615\" title=\"terug\" src=\"http:\/\/www.hochema.nl\/fr\/wp-content\/uploads\/2009\/03\/retourknop.gif\" alt=\"\" width=\"88\" height=\"26\" \/><\/a><\/p>\n","protected":false},"excerpt":{"rendered":"<p>Utilisation: \u00a0 PC 36-Liquide est un nettoyant fortement alcalin pour une m\u00e9thode d&#8217;immersion et nettoyage avec assistance de Ultrason. PC 36-Liquide est un produit \u00e0 plusieurs propri\u00e9t\u00e9s diff\u00e9rentes, certaines.\u00a0 Les utilisations sont:\u00a0 1. Nettoyer et d\u00e9rouiller en un seul coup.\u00a0 2. \u00c9limination du reste de cyanide de sodium lors du durcissement.\u00a0 3. Nettoyage des encres [&hellip;]<\/p>\n","protected":false},"author":2,"featured_media":0,"parent":10,"menu_order":0,"comment_status":"closed","ping_status":"closed","template":"","meta":{"ngg_post_thumbnail":0},"_links":{"self":[{"href":"https:\/\/www.hochema.nl\/fr\/wp-json\/wp\/v2\/pages\/78"}],"collection":[{"href":"https:\/\/www.hochema.nl\/fr\/wp-json\/wp\/v2\/pages"}],"about":[{"href":"https:\/\/www.hochema.nl\/fr\/wp-json\/wp\/v2\/types\/page"}],"author":[{"embeddable":true,"href":"https:\/\/www.hochema.nl\/fr\/wp-json\/wp\/v2\/users\/2"}],"replies":[{"embeddable":true,"href":"https:\/\/www.hochema.nl\/fr\/wp-json\/wp\/v2\/comments?post=78"}],"version-history":[{"count":11,"href":"https:\/\/www.hochema.nl\/fr\/wp-json\/wp\/v2\/pages\/78\/revisions"}],"predecessor-version":[{"id":492,"href":"https:\/\/www.hochema.nl\/fr\/wp-json\/wp\/v2\/pages\/78\/revisions\/492"}],"up":[{"embeddable":true,"href":"https:\/\/www.hochema.nl\/fr\/wp-json\/wp\/v2\/pages\/10"}],"wp:attachment":[{"href":"https:\/\/www.hochema.nl\/fr\/wp-json\/wp\/v2\/media?parent=78"}],"curies":[{"name":"wp","href":"https:\/\/api.w.org\/{rel}","templated":true}]}}