{"id":7,"date":"2008-12-30T11:18:16","date_gmt":"2008-12-30T10:18:16","guid":{"rendered":"http:\/\/www.hochema.nl\/fr\/?page_id=7"},"modified":"2009-03-25T15:31:26","modified_gmt":"2009-03-25T14:31:26","slug":"societe","status":"publish","type":"page","link":"https:\/\/www.hochema.nl\/fr\/societe\/","title":{"rendered":"Soci\u00e9t\u00e9"},"content":{"rendered":"<p style=\"text-align: left;\"><strong><span style=\"color: #0000ff;\">HOCHEMA<\/span><\/strong> \u00e0 plus de deux d\u00e9cennies d\u2019exp\u00e9rience\u00a0dans le traitement de surface et le d\u00e9graissage fournissant ses clients avec les produits appropri\u00e9s et le meilleur \u00e9quipement pour leurs applications industrielles. Ses produits sont sp\u00e9cialement\u00a0d\u00e9velopp\u00e9s et produits en fonction des exigences\u00a0\u00a0 environnementales et des besoins de la\u00a0client\u00e9le.\u00a0 La fabrication est assur\u00e9e par des\u00a0 soci\u00e9t\u00e9s certifi\u00e9es (ISO9001), locales ou \u00e9tablies dans\u00a0plusieurs pays Europ\u00e9ens.<\/p>\n<p style=\"text-align: left;\"><strong><span style=\"color: #0000ff;\">HOCHEMA<\/span><\/strong> d\u00e9veloppe et produit \u00e9galement des machines de nettoyage industrielles,\u00a0de lavage par immersion,\u00a0aussi \u00eatre livr\u00e9es avec support \u00e0 ultra-sons, cabines de sablage et machines d\u2019arrosage, soit selon des normes\u00a0standards, soit sur mesure, auquel cas elles peuvent.\u00a0\u00a0\u00a0<\/p>\n<p><a href=\"http:\/\/www.hochema.nl\/nl\/wp-content\/uploads\/2008\/12\/hotandwiel21.jpg\"><span style=\"color: #0000ff;\"><img loading=\"lazy\" class=\"alignright size-full wp-image-557\" title=\"hotandwiel21\" src=\"http:\/\/www.hochema.nl\/nl\/wp-content\/uploads\/2008\/12\/hotandwiel21.jpg\" alt=\"\" width=\"200\" height=\"200\" \/><\/span><\/a><\/p>\n","protected":false},"excerpt":{"rendered":"<p>HOCHEMA \u00e0 plus de deux d\u00e9cennies d\u2019exp\u00e9rience\u00a0dans le traitement de surface et le d\u00e9graissage fournissant ses clients avec les produits appropri\u00e9s et le meilleur \u00e9quipement pour leurs applications industrielles. Ses produits sont sp\u00e9cialement\u00a0d\u00e9velopp\u00e9s et produits en fonction des exigences\u00a0\u00a0 environnementales et des besoins de la\u00a0client\u00e9le.\u00a0 La fabrication est assur\u00e9e par des\u00a0 soci\u00e9t\u00e9s certifi\u00e9es (ISO9001), locales [&hellip;]<\/p>\n","protected":false},"author":2,"featured_media":0,"parent":0,"menu_order":10,"comment_status":"closed","ping_status":"closed","template":"","meta":{"ngg_post_thumbnail":0},"_links":{"self":[{"href":"https:\/\/www.hochema.nl\/fr\/wp-json\/wp\/v2\/pages\/7"}],"collection":[{"href":"https:\/\/www.hochema.nl\/fr\/wp-json\/wp\/v2\/pages"}],"about":[{"href":"https:\/\/www.hochema.nl\/fr\/wp-json\/wp\/v2\/types\/page"}],"author":[{"embeddable":true,"href":"https:\/\/www.hochema.nl\/fr\/wp-json\/wp\/v2\/users\/2"}],"replies":[{"embeddable":true,"href":"https:\/\/www.hochema.nl\/fr\/wp-json\/wp\/v2\/comments?post=7"}],"version-history":[{"count":9,"href":"https:\/\/www.hochema.nl\/fr\/wp-json\/wp\/v2\/pages\/7\/revisions"}],"predecessor-version":[{"id":22,"href":"https:\/\/www.hochema.nl\/fr\/wp-json\/wp\/v2\/pages\/7\/revisions\/22"}],"wp:attachment":[{"href":"https:\/\/www.hochema.nl\/fr\/wp-json\/wp\/v2\/media?parent=7"}],"curies":[{"name":"wp","href":"https:\/\/api.w.org\/{rel}","templated":true}]}}