{"id":374,"date":"2009-03-26T13:25:37","date_gmt":"2009-03-26T12:25:37","guid":{"rendered":"http:\/\/www.hochema.nl\/fr\/?page_id=374"},"modified":"2009-04-09T13:31:12","modified_gmt":"2009-04-09T12:31:12","slug":"pc-80","status":"publish","type":"page","link":"https:\/\/www.hochema.nl\/fr\/produits\/pc-80\/","title":{"rendered":"PC 80"},"content":{"rendered":"<table border=\"0\">\n<tbody>\n<tr valign=\"top\">\n<td><span style=\"font-size: x-small;\"><span style=\"font-family: Arial; letter-spacing: -0.1pt; mso-bidi-font-family: 'Times New Roman'; mso-fareast-font-family: 'Times New Roman'; mso-ansi-language: NL; mso-fareast-language: NL; mso-bidi-language: AR-SA;\"><strong>Utilisation:<\/strong><\/span><\/span><\/td>\n<td>\u00a0<\/td>\n<td style=\"text-align: left;\"><span style=\"font-size: x-small;\">PC 80 est un protecteur anticorrosion, sans\u00a0azotite, pour l&#8217;acier. PC 80 est utilisable l\u00e0 o\u00f9 une protection antirouille de courte dur\u00e9e ( 1 \u00e0 2 semaines) est exig\u00e9e. PC 80 peut \u00eatre employ\u00e9 pour l&#8217;arrosage et l&#8217;immersion.<\/span><\/td>\n<\/tr>\n<tr>\n<td><span style=\"font-size: x-small;\">\u00a0<\/span><\/td>\n<td>\u00a0<\/td>\n<td><span style=\"font-size: x-small;\">\u00a0<\/span><\/td>\n<\/tr>\n<tr valign=\"top\">\n<td><span style=\"font-size: x-small; font-family: Arial; letter-spacing: -0.1pt; mso-bidi-font-family: 'Times New Roman'; mso-fareast-font-family: 'Times New Roman'; mso-ansi-language: NL; mso-fareast-language: NL; mso-bidi-language: AR-SA;\"><strong>Propri\u00e9t\u00e9s:<\/strong><\/span><\/td>\n<td>\u00a0<\/td>\n<td>\n<p class=\"MsoNormal\" style=\"margin: 0cm 0cm 0pt; text-align: left; mso-hyphenate: none;\"><span style=\"font-size: x-small;\"><span style=\"font-family: Arial; letter-spacing: -0.1pt; mso-bidi-font-family: 'Times New Roman';\">PC 80 ne contient ni\u00a0azotite, ni causticit\u00e9. <span style=\"font-size: x-small;\"><span style=\"font-family: Arial; letter-spacing: -0.1pt; mso-bidi-font-family: 'Times New Roman';\">PC 80\u00a0\u00e0 un\u00a0anticorrosion pour stockage de\u00a01 \u00e0\u00a02 semaines en magasin, <\/span><\/span>d\u00e9pendant de la temp\u00e9rature ambiante et des degr\u00e9s d&#8217;humidit\u00e9.<\/span><\/span><\/p>\n<\/td>\n<\/tr>\n<tr>\n<td><span style=\"font-size: x-small;\">\u00a0<\/span><\/td>\n<td>\u00a0<\/td>\n<td><span style=\"font-size: x-small;\">\u00a0<\/span><\/td>\n<\/tr>\n<tr>\n<td><strong><span style=\"font-size: x-small; font-family: Arial;\">Emballage:<\/span><\/strong><\/td>\n<td>\u00a0<\/td>\n<td>\n<p class=\"MsoNormal\" style=\"margin: 0cm 0cm 0pt; mso-hyphenate: none;\"><span style=\"font-size: x-small; font-family: Arial; letter-spacing: -0.1pt; mso-bidi-font-family: 'Times New Roman';\">Les f\u00fbts\u00a0synth\u00e9tiques de\u00a027 kg.<\/span><\/p>\n<\/td>\n<\/tr>\n<tr>\n<td><span style=\"font-size: x-small;\">\u00a0<\/span><\/td>\n<td>\u00a0<\/td>\n<td><span style=\"font-size: x-small;\">\u00a0<\/span><\/td>\n<\/tr>\n<tr valign=\"top\">\n<td><strong><span style=\"font-size: x-small; font-family: Arial;\">Normes\u00a0de\u00a0s\u00e9curit\u00e9:<\/span><\/strong><\/td>\n<td>\u00a0<\/td>\n<td>\n<p class=\"MsoNormal\" style=\"margin: 0cm 0cm 0pt; mso-hyphenate: none;\"><span style=\"font-size: x-small; font-family: Arial; letter-spacing: -0.1pt; mso-bidi-font-family: 'Times New Roman';\"><span style=\"font-size: x-small; font-family: Arial; letter-spacing: -0.1pt; mso-bidi-font-family: 'Times New Roman';\">Les infomations de s\u00e9curit\u00e9 sont reprises sur la fiche de s\u00e9curit\u00e9 du produit.\u00a0 Porter toujours des v\u00eatements de protection et une protection pour les yeux et le visage lors de la manipulation de produits.\u00a0 <\/span><\/span><\/p>\n<\/td>\n<\/tr>\n<tr>\n<td>\u00a0<\/td>\n<td>\u00a0<\/td>\n<td><span style=\"font-size: x-small;\">\u00a0<\/span><\/td>\n<\/tr>\n<tr valign=\"top\">\n<td><span style=\"font-size: x-small;\"><strong>Dosage:<\/strong><\/span><\/td>\n<td>\u00a0<\/td>\n<td><span style=\"font-size: x-small;\">Manuellement ou par dosage automatique \u00e0 base de conductivit\u00e9.<\/span><\/td>\n<\/tr>\n<tr>\n<td>\u00a0<\/td>\n<td>\u00a0<\/td>\n<td>\u00a0<\/td>\n<\/tr>\n<tr valign=\"top\">\n<td><strong><span style=\"font-size: x-small;\">Le mesurage:<\/span><\/strong><\/td>\n<td>\u00a0<\/td>\n<td><span style=\"font-size: x-small;\">M\u00e9thode par\u00a0titrage ou avec l&#8217;instrument de mesure de conductivit\u00e9.\u00a0\u00a0<\/span><span style=\"font-size: x-small;\"><span style=\"font-family: Arial;\">Consulter notre expert!<\/span><\/span><\/td>\n<\/tr>\n<tr>\n<td>\u00a0<\/td>\n<td>\u00a0\u00a0<\/td>\n<td>\u00a0<\/td>\n<\/tr>\n<\/tbody>\n<\/table>\n<table border=\"0\">\n<tbody>\n<tr>\n<td style=\"text-align: left;\"><span style=\"font-size: x-small;\"><span style=\"font-family: Arial; letter-spacing: -0.1pt; mso-bidi-font-family: 'Times New Roman'; mso-fareast-font-family: 'Times New Roman'; mso-ansi-language: NL; mso-fareast-language: NL; mso-bidi-language: AR-SA;\"><strong>Donn\u00e9es\u00a0techniques:<\/strong><\/span> <\/span><\/td>\n<td>\u00a0<\/td>\n<td style=\"text-align: left;\"><span style=\"font-size: x-small;\">Aspect:\u00a0\u00a0\u00a0\u00a0\u00a0\u00a0\u00a0\u00a0\u00a0\u00a0\u00a0\u00a0\u00a0\u00a0\u00a0\u00a0\u00a0<\/span><\/td>\n<td style=\"text-align: left;\"><span style=\"font-size: x-small;\"><strong style=\"mso-bidi-font-weight: normal;\"><span style=\"font-family: Arial; letter-spacing: -0.1pt; mso-bidi-font-family: 'Times New Roman';\">PC\u00a080<\/span><\/strong><span style=\"font-family: Arial; letter-spacing: -0.1pt; mso-bidi-font-family: 'Times New Roman';\"> est un liquide.<\/span>\u00a0<\/span><\/td>\n<\/tr>\n<tr>\n<td><span style=\"font-size: x-small;\">\u00a0<\/span><\/td>\n<td>\u00a0<\/td>\n<td><span style=\"font-size: x-small; font-family: Arial; letter-spacing: -0.1pt; mso-bidi-font-family: 'Times New Roman'; mso-fareast-font-family: 'Times New Roman'; mso-ansi-language: NL; mso-fareast-language: NL; mso-bidi-language: AR-SA;\">Densit\u00e9:<\/span><\/td>\n<td>\n<p class=\"MsoNormal\" style=\"margin: 0cm 0cm 0pt; mso-hyphenate: none;\"><span style=\"font-size: x-small; font-family: Arial; letter-spacing: -0.1pt; mso-bidi-font-family: 'Times New Roman';\">1,05 kg\/l.<\/span><\/p>\n<\/td>\n<\/tr>\n<tr>\n<td><span style=\"font-size: x-small;\">\u00a0<\/span><\/td>\n<td>\u00a0<\/td>\n<td><span style=\"font-family: Arial; letter-spacing: -0.1pt; mso-bidi-font-family: 'Times New Roman'; mso-fareast-font-family: 'Times New Roman'; mso-ansi-language: NL; mso-fareast-language: NL; mso-bidi-language: AR-SA;\"><span style=\"font-size: x-small;\">Valeur pH:<span style=\"mso-spacerun: yes;\">\u00a0\u00a0 <\/span><\/span><\/span><\/td>\n<td>\n<p class=\"MsoNormal\" style=\"margin: 0cm 0cm 0pt; mso-hyphenate: none;\"><span style=\"font-size: x-small; font-family: Arial; letter-spacing: -0.1pt; mso-bidi-font-family: 'Times New Roman';\">pH\u00a010,3\u00a0\u00e0 100% solution.<\/span><\/p>\n<\/td>\n<\/tr>\n<tr>\n<td><span style=\"font-size: x-small;\">\u00a0<\/span><\/td>\n<td>\u00a0<\/td>\n<td style=\"text-align: left;\"><span style=\"font-family: Arial; letter-spacing: -0.1pt; mso-bidi-font-family: 'Times New Roman'; mso-fareast-font-family: 'Times New Roman'; mso-ansi-language: NL; mso-fareast-language: NL; mso-bidi-language: AR-SA;\"><span style=\"font-size: x-small;\">Le mat\u00e9riel de la cuve:<\/span><\/span><\/td>\n<td valign=\"top\">\n<p class=\"MsoNormal\" style=\"margin: 0cm 0cm 0pt; mso-hyphenate: none;\"><span style=\"font-size: x-small; font-family: Arial; letter-spacing: -0.1pt; mso-bidi-font-family: 'Times New Roman';\">Acier inoxydable.<\/span><\/p>\n<\/td>\n<\/tr>\n<tr>\n<td>\u00a0<\/td>\n<td>\u00a0<\/td>\n<td><span style=\"font-size: x-small; font-family: Arial;\">Solubilit\u00e9:\u00a0\u00a0\u00a0\u00a0\u00a0\u00a0\u00a0\u00a0\u00a0\u00a0\u00a0\u00a0\u00a0\u00a0\u00a0\u00a0\u00a0\u00a0\u00a0\u00a0\u00a0\u00a0\u00a0\u00a0\u00a0\u00a0 <\/span><\/td>\n<td><span style=\"font-size: x-small; font-family: Arial;\">Miscible \u00e0 l&#8217;eau\u00a0en toutes proportions.<\/span><\/td>\n<\/tr>\n<tr valign=\"top\">\n<td><span style=\"font-size: x-small;\">\u00a0<\/span><\/td>\n<td>\u00a0<\/td>\n<td><span style=\"font-size: x-small; font-family: Arial; letter-spacing: -0.1pt; mso-bidi-font-family: 'Times New Roman'; mso-fareast-font-family: 'Times New Roman'; mso-ansi-language: NL; mso-fareast-language: NL; mso-bidi-language: AR-SA;\">Evacuation:<\/span><\/td>\n<td>\n<p class=\"MsoNormal\" style=\"margin: 0cm 0cm 0pt; text-align: left; mso-hyphenate: none;\"><span style=\"font-size: x-small;\"><span style=\"font-family: Arial; letter-spacing: -0.1pt; mso-bidi-font-family: 'Times New Roman';\">PC\u00a080 est biod\u00e9gradable, mais apr\u00e8s usage les restes de PC\u00a080 pollu\u00e9s doivent \u00eatre trait\u00e9s comme r\u00e9sidus chimiques.\u00a0 Consulter notre expert!<\/span><\/span><\/p>\n<\/td>\n<\/tr>\n<tr>\n<td><span style=\"font-size: x-small;\">\u00a0<\/span><\/td>\n<td>\u00a0<\/td>\n<td><span style=\"font-size: x-small;\">\u00a0<\/span><\/td>\n<td><span style=\"font-size: x-small;\">\u00a0<\/span><\/td>\n<\/tr>\n<tr>\n<td><span style=\"font-size: x-small; font-family: Arial; letter-spacing: -0.1pt; mso-bidi-font-family: 'Times New Roman'; mso-fareast-font-family: 'Times New Roman'; mso-ansi-language: NL; mso-fareast-language: NL; mso-bidi-language: AR-SA;\"><strong>Mode d&#8217;emploi:<\/strong><\/span><\/td>\n<td>\u00a0<\/td>\n<td><span style=\"font-size: x-small; font-family: Arial; letter-spacing: -0.1pt; mso-bidi-font-family: 'Times New Roman'; mso-fareast-font-family: 'Times New Roman'; mso-ansi-language: NL; mso-fareast-language: NL; mso-bidi-language: AR-SA;\">Dosage:<\/span><\/td>\n<td><span style=\"font-size: x-small; font-family: Arial; letter-spacing: -0.1pt; mso-bidi-font-family: 'Times New Roman'; mso-fareast-font-family: 'Times New Roman'; mso-ansi-language: NL; mso-fareast-language: NL; mso-bidi-language: AR-SA;\">2\u00a0&#8211; 5%, d\u00e9pendant de l&#8217;utilisation.<\/span><\/td>\n<\/tr>\n<tr>\n<td><span style=\"font-size: x-small;\">\u00a0<\/span><\/td>\n<td>\u00a0<\/td>\n<td><span style=\"font-size: x-small; font-family: Arial; letter-spacing: -0.1pt; mso-bidi-font-family: 'Times New Roman'; mso-fareast-font-family: 'Times New Roman'; mso-ansi-language: NL; mso-fareast-language: NL; mso-bidi-language: AR-SA;\">Temperature:<\/span><\/td>\n<td><span style=\"font-size: x-small; font-family: Arial; letter-spacing: -0.1pt; mso-bidi-font-family: 'Times New Roman'; mso-fareast-font-family: 'Times New Roman'; mso-ansi-language: NL; mso-fareast-language: NL; mso-bidi-language: AR-SA;\">\u00b1 20\/70\u00b0C.<\/span><\/td>\n<\/tr>\n<tr>\n<td><span style=\"font-size: x-small;\">\u00a0<\/span><\/td>\n<td>\u00a0<\/td>\n<td style=\"text-align: left;\"><span style=\"font-size: x-small; font-family: Arial; letter-spacing: -0.1pt; mso-bidi-font-family: 'Times New Roman'; mso-fareast-font-family: 'Times New Roman'; mso-ansi-language: NL; mso-fareast-language: NL; mso-bidi-language: AR-SA;\">Dur\u00e9e de traitement:<\/span><\/td>\n<td><span style=\"font-size: x-small; font-family: Arial; letter-spacing: -0.1pt; mso-bidi-font-family: 'Times New Roman'; mso-fareast-font-family: 'Times New Roman'; mso-ansi-language: NL; mso-fareast-language: NL; mso-bidi-language: AR-SA;\">Minimum 2 \u00e0 5 minutes.<\/span><\/td>\n<\/tr>\n<tr>\n<td><span style=\"font-size: x-small;\">\u00a0<\/span><\/td>\n<td>\u00a0<\/td>\n<td style=\"text-align: left;\"><span style=\"font-size: x-small; font-family: Arial; letter-spacing: -0.1pt; mso-bidi-font-family: 'Times New Roman'; mso-fareast-font-family: 'Times New Roman'; mso-ansi-language: NL; mso-fareast-language: NL; mso-bidi-language: AR-SA;\">Dosage de la produit: <\/span><\/td>\n<td><span style=\"font-size: x-small; font-family: Arial; letter-spacing: -0.1pt; mso-bidi-font-family: 'Times New Roman'; mso-fareast-font-family: 'Times New Roman'; mso-ansi-language: NL; mso-fareast-language: NL; mso-bidi-language: AR-SA;\">Le produit\u00a0doit \u00eatre ajout\u00e9 \u00e0 l&#8217;eau froide ou chaude.<\/span><\/td>\n<\/tr>\n<\/tbody>\n<\/table>\n<p><a href=\"javascript:history.go(-1);\"><img loading=\"lazy\" class=\"alignright size-medium wp-image-615\" title=\"terug\" src=\"http:\/\/www.hochema.nl\/fr\/wp-content\/uploads\/2009\/03\/retourknop.gif\" alt=\"\" width=\"88\" height=\"26\" \/><\/a><\/p>\n","protected":false},"excerpt":{"rendered":"<p>Utilisation: \u00a0 PC 80 est un protecteur anticorrosion, sans\u00a0azotite, pour l&#8217;acier. PC 80 est utilisable l\u00e0 o\u00f9 une protection antirouille de courte dur\u00e9e ( 1 \u00e0 2 semaines) est exig\u00e9e. PC 80 peut \u00eatre employ\u00e9 pour l&#8217;arrosage et l&#8217;immersion. \u00a0 \u00a0 \u00a0 Propri\u00e9t\u00e9s: \u00a0 PC 80 ne contient ni\u00a0azotite, ni causticit\u00e9. PC 80\u00a0\u00e0 un\u00a0anticorrosion pour [&hellip;]<\/p>\n","protected":false},"author":2,"featured_media":0,"parent":10,"menu_order":0,"comment_status":"closed","ping_status":"closed","template":"","meta":{"ngg_post_thumbnail":0},"_links":{"self":[{"href":"https:\/\/www.hochema.nl\/fr\/wp-json\/wp\/v2\/pages\/374"}],"collection":[{"href":"https:\/\/www.hochema.nl\/fr\/wp-json\/wp\/v2\/pages"}],"about":[{"href":"https:\/\/www.hochema.nl\/fr\/wp-json\/wp\/v2\/types\/page"}],"author":[{"embeddable":true,"href":"https:\/\/www.hochema.nl\/fr\/wp-json\/wp\/v2\/users\/2"}],"replies":[{"embeddable":true,"href":"https:\/\/www.hochema.nl\/fr\/wp-json\/wp\/v2\/comments?post=374"}],"version-history":[{"count":3,"href":"https:\/\/www.hochema.nl\/fr\/wp-json\/wp\/v2\/pages\/374\/revisions"}],"predecessor-version":[{"id":506,"href":"https:\/\/www.hochema.nl\/fr\/wp-json\/wp\/v2\/pages\/374\/revisions\/506"}],"up":[{"embeddable":true,"href":"https:\/\/www.hochema.nl\/fr\/wp-json\/wp\/v2\/pages\/10"}],"wp:attachment":[{"href":"https:\/\/www.hochema.nl\/fr\/wp-json\/wp\/v2\/media?parent=374"}],"curies":[{"name":"wp","href":"https:\/\/api.w.org\/{rel}","templated":true}]}}