{"id":253,"date":"2009-03-24T11:40:06","date_gmt":"2009-03-24T10:40:06","guid":{"rendered":"http:\/\/www.hochema.nl\/fr\/?page_id=253"},"modified":"2009-04-09T13:20:35","modified_gmt":"2009-04-09T12:20:35","slug":"mf-0100","status":"publish","type":"page","link":"https:\/\/www.hochema.nl\/fr\/produits\/mf-0100\/","title":{"rendered":"MF 0100"},"content":{"rendered":"<table border=\"0\">\n<tbody>\n<tr valign=\"top\">\n<td><span style=\"font-size: x-small;\"><span style=\"font-family: Arial; letter-spacing: -0.1pt; mso-bidi-font-family: 'Times New Roman'; mso-fareast-font-family: 'Times New Roman'; mso-ansi-language: NL; mso-fareast-language: NL; mso-bidi-language: AR-SA;\"><strong>Description:<\/strong><\/span><\/span><\/td>\n<td>\u00a0<\/td>\n<td style=\"text-align: left;\"><span style=\"font-size: x-small;\">MF\u00a00100\u00a0est un produit de nettoyage lquide, acide, pour le nettoyage d&#8217;installations d&#8217;ultrafiltrations dans l&#8217;industrie technique.\u00a0<\/span><\/td>\n<\/tr>\n<tr>\n<td><span style=\"font-size: x-small;\">\u00a0<\/span><\/td>\n<td>\u00a0<\/td>\n<td><span style=\"font-size: x-small;\">\u00a0<\/span><\/td>\n<\/tr>\n<tr valign=\"top\">\n<td><span style=\"font-size: x-small; font-family: Arial; letter-spacing: -0.1pt; mso-bidi-font-family: 'Times New Roman'; mso-fareast-font-family: 'Times New Roman'; mso-ansi-language: NL; mso-fareast-language: NL; mso-bidi-language: AR-SA;\"><strong>Propri\u00e9t\u00e9s:<\/strong><\/span><\/td>\n<td>\u00a0<\/td>\n<td>\n<p class=\"MsoNormal\" style=\"margin: 0cm 0cm 0pt; text-align: left; mso-hyphenate: none;\"><span style=\"font-size: x-small;\">-MF\u00a00100 est un produit de nettoyage\u00a0liquide acide bas\u00e9 sur une combinaison \u00a0d&#8217;acides inorganiques.\u00a0<\/span><\/p>\n<p class=\"MsoNormal\" style=\"margin: 0cm 0cm 0pt; text-align: left; mso-hyphenate: none;\"><span style=\"font-size: x-small;\">-MF\u00a01410 est concu pour le nettoyage de toutes sortes d&#8217;installations de \u00a0filtration par membranes.\u00a0<\/span><\/p>\n<\/td>\n<\/tr>\n<tr>\n<td><span style=\"font-size: x-small;\">\u00a0<\/span><\/td>\n<td>\u00a0<\/td>\n<td><span style=\"font-size: x-small;\">\u00a0<\/span><\/td>\n<\/tr>\n<tr>\n<td><strong><span style=\"font-size: x-small; font-family: Arial;\">Emballage:<\/span><\/strong><\/td>\n<td>\u00a0<\/td>\n<td>\n<p class=\"MsoNormal\" style=\"margin: 0cm 0cm 0pt; mso-hyphenate: none;\"><span style=\"font-size: x-small; font-family: Arial; letter-spacing: -0.1pt; mso-bidi-font-family: 'Times New Roman';\">Les f\u00fbts\u00a0synth\u00e9tiques de\u00a014 kg.<\/span><\/p>\n<\/td>\n<\/tr>\n<tr>\n<td><span style=\"font-size: x-small;\">\u00a0<\/span><\/td>\n<td>\u00a0<\/td>\n<td><span style=\"font-size: x-small;\">\u00a0<\/span><\/td>\n<\/tr>\n<tr valign=\"top\">\n<td><strong><span style=\"font-size: x-small; font-family: Arial;\">Aspects\u00a0de\u00a0s\u00e9curit\u00e9:<\/span><\/strong><\/td>\n<td>\u00a0<\/td>\n<td>\n<p class=\"MsoNormal\" style=\"margin: 0cm 0cm 0pt; mso-hyphenate: none;\"><span style=\"font-size: x-small; font-family: Arial; letter-spacing: -0.1pt; mso-bidi-font-family: 'Times New Roman';\">Les infomations de s\u00e9curit\u00e9 sont reprises sur la fiche de s\u00e9curit\u00e9 du produit.\u00a0 Porter toujours des v\u00eatements de protection et une protection pour les yeux et le visage lors de la manipulation de produits.\u00a0 <\/span><\/p>\n<\/td>\n<\/tr>\n<tr>\n<td>\u00a0<\/td>\n<td>\u00a0<\/td>\n<td><span style=\"font-size: x-small;\">\u00a0<\/span><\/td>\n<\/tr>\n<tr valign=\"top\">\n<td><span style=\"font-size: x-small;\"><strong>Dosage:<\/strong><\/span><\/td>\n<td>\u00a0<\/td>\n<td><span style=\"font-size: x-small;\">Manuellement ou par dosage automatique \u00e0 base de conductivit\u00e9.<\/span><\/td>\n<\/tr>\n<tr>\n<td>\u00a0<\/td>\n<td>\u00a0<\/td>\n<td>\u00a0<\/td>\n<\/tr>\n<tr valign=\"top\">\n<td><strong><span style=\"font-size: x-small;\">Le mesurage:<\/span><\/strong><\/td>\n<td>\u00a0<\/td>\n<td><span style=\"font-size: x-small;\">M\u00e9thode par titrage ou avec l&#8217;instrument de mesure de conductivit\u00e9.\u00a0\u00a0<\/span><span style=\"font-size: x-small;\"><span style=\"font-family: Arial;\">Consulter notre expert!<\/span><\/span><\/td>\n<\/tr>\n<tr>\n<td>\u00a0<\/td>\n<td>\u00a0\u00a0<\/td>\n<td>\u00a0<\/td>\n<\/tr>\n<\/tbody>\n<\/table>\n<table border=\"0\">\n<tbody>\n<tr>\n<td style=\"text-align: left;\"><span style=\"font-size: x-small;\"><span style=\"font-family: Arial; letter-spacing: -0.1pt; mso-bidi-font-family: 'Times New Roman'; mso-fareast-font-family: 'Times New Roman'; mso-ansi-language: NL; mso-fareast-language: NL; mso-bidi-language: AR-SA;\"><strong>Donn\u00e9es\u00a0techniques:<\/strong><\/span> <\/span><\/td>\n<td>\u00a0\u00a0<\/td>\n<td style=\"text-align: left;\"><span style=\"font-size: x-small;\">Couleur\/Aspect:\u00a0 <\/span><\/td>\n<td style=\"text-align: left;\"><span style=\"font-size: x-small;\"><span style=\"letter-spacing: -0.1pt; mso-bidi-font-family: 'Times New Roman';\">MF\u00a00100<\/span><span style=\"font-family: Arial; letter-spacing: -0.1pt; mso-bidi-font-family: 'Times New Roman';\"> est un liquide clair, incolore.<\/span>\u00a0<\/span><\/td>\n<\/tr>\n<tr valign=\"top\">\n<td>\u00a0<\/td>\n<td>\u00a0<\/td>\n<td><span style=\"font-size: x-small; font-family: Arial;\">Composants de base:<\/span><\/td>\n<td><span style=\"font-size: x-small; font-family: Arial;\">Acides inorganiques<\/span><\/td>\n<\/tr>\n<tr>\n<td><span style=\"font-size: x-small;\">\u00a0<\/span><\/td>\n<td>\u00a0<\/td>\n<td><span style=\"font-family: Arial; letter-spacing: -0.1pt; mso-bidi-font-family: 'Times New Roman'; mso-fareast-font-family: 'Times New Roman'; mso-ansi-language: NL; mso-fareast-language: NL; mso-bidi-language: AR-SA;\"><span style=\"font-size: x-small;\">Valeur pH 1% (20\u00b0C)<\/span><\/span><\/td>\n<td>\n<p class=\"MsoNormal\" style=\"margin: 0cm 0cm 0pt; mso-hyphenate: none;\"><span style=\"font-size: x-small; font-family: Arial; letter-spacing: -0.1pt; mso-bidi-font-family: 'Times New Roman';\">\u00b1 &lt;2,0<\/span><\/p>\n<\/td>\n<\/tr>\n<tr>\n<td>\u00a0<\/td>\n<td>\u00a0<\/td>\n<td><span style=\"font-size: x-small; font-family: Arial;\">Densit\u00e9:<\/span><\/td>\n<td><span style=\"font-size: x-small; font-family: Arial;\">1,278 gr\/cm<sup>3<\/sup><\/span><\/td>\n<\/tr>\n<tr>\n<td><span style=\"font-size: x-small;\">\u00a0<\/span><\/td>\n<td>\u00a0<\/td>\n<td style=\"text-align: left;\"><span style=\"font-family: Arial; letter-spacing: -0.1pt; mso-bidi-font-family: 'Times New Roman'; mso-fareast-font-family: 'Times New Roman'; mso-ansi-language: NL; mso-fareast-language: NL; mso-bidi-language: AR-SA;\"><span style=\"font-size: x-small;\">Le\u00a0mat\u00e9riel\u00a0de\u00a0la\u00a0cuve:<\/span><\/span><\/td>\n<td valign=\"top\">\n<p class=\"MsoNormal\" style=\"margin: 0cm 0cm 0pt; mso-hyphenate: none;\"><span style=\"font-size: x-small; font-family: Arial; letter-spacing: -0.1pt; mso-bidi-font-family: 'Times New Roman';\">Acier inoxydable ou polyethyl\u00e8ne.\u00a0 Ne pas sur l&#8217;aluminium.<\/span><\/p>\n<\/td>\n<\/tr>\n<tr>\n<td>\u00a0<\/td>\n<td>\u00a0<\/td>\n<td><span style=\"font-size: x-small; font-family: Arial;\">Solubilit\u00e9:<\/span><\/td>\n<td><span style=\"font-size: x-small; font-family: Arial;\">Miscible \u00e0 l&#8217;eau en toutes proportions.<\/span><\/td>\n<\/tr>\n<tr valign=\"top\">\n<td>\u00a0<\/td>\n<td>\u00a0<\/td>\n<td><span style=\"font-size: x-small; font-family: Arial;\">Stabilit\u00e9\u00a0de\u00a0stockage:<\/span><\/td>\n<td><span style=\"font-size: x-small; font-family: Arial;\">de -5\u00b0C. \u00e0 30\u00b0C.<\/span><\/td>\n<\/tr>\n<tr valign=\"top\">\n<td><span style=\"font-size: x-small;\">\u00a0<\/span><\/td>\n<td>\u00a0<\/td>\n<td><span style=\"font-size: x-small; font-family: Arial; letter-spacing: -0.1pt; mso-bidi-font-family: 'Times New Roman'; mso-fareast-font-family: 'Times New Roman'; mso-ansi-language: NL; mso-fareast-language: NL; mso-bidi-language: AR-SA;\">Valeur COD:<\/span><\/td>\n<td>\n<p class=\"MsoNormal\" style=\"margin: 0cm 0cm 0pt; text-align: left; mso-hyphenate: none;\"><span style=\"font-size: x-small;\"><span style=\"font-family: Arial; letter-spacing: -0.1pt; mso-bidi-font-family: 'Times New Roman';\"><span style=\"font-size: x-small;\"><span style=\"font-family: Arial; letter-spacing: -0.1pt; mso-bidi-font-family: 'Times New Roman';\">env.\u00a03 mg. O<sup><sub>2<\/sub><\/sup>\/g de produit.<\/span><\/span><\/span><\/span><\/p>\n<div class=\"MsoNormal\" style=\"margin: 0cm 0cm 0pt; text-align: left; mso-hyphenate: none;\"><span style=\"font-size: x-small;\"><span style=\"font-family: Arial; letter-spacing: -0.1pt; mso-bidi-font-family: 'Times New Roman';\"><span style=\"font-size: x-small; font-family: Arial; letter-spacing: -0.1pt; mso-bidi-font-family: 'Times New Roman';\">Consulter notre expert!<\/span><\/span><\/span><\/div>\n<\/td>\n<\/tr>\n<tr>\n<td>\u00a0<\/td>\n<td>\u00a0<\/td>\n<td><span style=\"font-size: x-small; font-family: Arial;\">Propri\u00e9t\u00e9s\u00a0moussantes:\u00a0\u00a0\u00a0\u00a0\u00a0\u00a0\u00a0<\/span><\/td>\n<td><span style=\"font-size: x-small; font-family: Arial;\">Ne mousse pas.<\/span><\/td>\n<\/tr>\n<tr>\n<td><span style=\"font-size: x-small;\">\u00a0<\/span><\/td>\n<td>\u00a0<\/td>\n<td><span style=\"font-size: x-small;\">\u00a0<\/span><\/td>\n<td><span style=\"font-size: x-small;\">\u00a0<\/span><\/td>\n<\/tr>\n<tr valign=\"top\">\n<td><span style=\"font-size: x-small;\"><strong><span style=\"font-family: Arial;\">Mode d&#8217;emploi:<\/span><\/strong><\/span><\/td>\n<td>\u00a0<\/td>\n<td style=\"text-align: left;\"><span style=\"font-size: x-small; font-family: Arial; letter-spacing: -0.1pt; mso-bidi-font-family: 'Times New Roman'; mso-fareast-font-family: 'Times New Roman'; mso-ansi-language: NL; mso-fareast-language: NL; mso-bidi-language: AR-SA;\">Dur\u00e9e de nettoyage:\u00a0\u00a0\u00a0\u00a0\u00a0<\/span><\/td>\n<td><span style=\"font-size: x-small; font-family: Arial; letter-spacing: -0.1pt; mso-bidi-font-family: 'Times New Roman'; mso-fareast-font-family: 'Times New Roman'; mso-ansi-language: NL; mso-fareast-language: NL; mso-bidi-language: AR-SA;\">Proc\u00e9dure g\u00e9n\u00e9rale de nettoyage:\u00a0 Les concentrations indiqu\u00e9es, temps de contact et temp\u00e9ratures sont bas\u00e9s sur la technologie en g\u00e9n\u00e9ral.\u00a0 Apr\u00e8s un pr\u00e9-rin\u00e7age \u00e0 une temp\u00e9rature de maximum 75\u00b0C. avant d&#8217;utiliser MF 0100, \u00e0 une concentration de maximum 1%., circuler MF 0100 \u00e0 45 &#8211; 55\u00b0C pendant 20 \u00e0 30 minutes.\u00a0 Il convient ensuite de nettoyer \u00e0 l&#8217;aide d&#8217;un produit de nettoyage alcalin p. ex. le MF 1410.<\/span><\/td>\n<\/tr>\n<tr>\n<td><span style=\"font-size: x-small;\">\u00a0<\/span><\/td>\n<td>\u00a0<\/td>\n<td style=\"text-align: left;\"><span style=\"font-size: x-small; font-family: Arial; letter-spacing: -0.1pt; mso-bidi-font-family: 'Times New Roman'; mso-fareast-font-family: 'Times New Roman'; mso-ansi-language: NL; mso-fareast-language: NL; mso-bidi-language: AR-SA;\">Dosage de la produit:\u00a0\u00a0\u00a0<\/span><\/td>\n<td><span style=\"font-size: x-small; font-family: Arial; letter-spacing: -0.1pt; mso-bidi-font-family: 'Times New Roman'; mso-fareast-font-family: 'Times New Roman'; mso-ansi-language: NL; mso-fareast-language: NL; mso-bidi-language: AR-SA;\">Le produit\u00a0doit \u00eatre ajout\u00e9 \u00e0 l&#8217;eau froide ou chaude.<\/span><\/td>\n<\/tr>\n<\/tbody>\n<\/table>\n<p><a href=\"javascript:history.go(-1);\"><img loading=\"lazy\" class=\"alignright size-medium wp-image-615\" title=\"terug\" src=\"http:\/\/www.hochema.nl\/fr\/wp-content\/uploads\/2009\/03\/retourknop.gif\" alt=\"\" width=\"88\" height=\"26\" \/><\/a><\/p>\n","protected":false},"excerpt":{"rendered":"<p>Description: \u00a0 MF\u00a00100\u00a0est un produit de nettoyage lquide, acide, pour le nettoyage d&#8217;installations d&#8217;ultrafiltrations dans l&#8217;industrie technique.\u00a0 \u00a0 \u00a0 \u00a0 Propri\u00e9t\u00e9s: \u00a0 -MF\u00a00100 est un produit de nettoyage\u00a0liquide acide bas\u00e9 sur une combinaison \u00a0d&#8217;acides inorganiques.\u00a0 -MF\u00a01410 est concu pour le nettoyage de toutes sortes d&#8217;installations de \u00a0filtration par membranes.\u00a0 \u00a0 \u00a0 \u00a0 Emballage: \u00a0 Les [&hellip;]<\/p>\n","protected":false},"author":2,"featured_media":0,"parent":10,"menu_order":0,"comment_status":"closed","ping_status":"closed","template":"","meta":{"ngg_post_thumbnail":0},"_links":{"self":[{"href":"https:\/\/www.hochema.nl\/fr\/wp-json\/wp\/v2\/pages\/253"}],"collection":[{"href":"https:\/\/www.hochema.nl\/fr\/wp-json\/wp\/v2\/pages"}],"about":[{"href":"https:\/\/www.hochema.nl\/fr\/wp-json\/wp\/v2\/types\/page"}],"author":[{"embeddable":true,"href":"https:\/\/www.hochema.nl\/fr\/wp-json\/wp\/v2\/users\/2"}],"replies":[{"embeddable":true,"href":"https:\/\/www.hochema.nl\/fr\/wp-json\/wp\/v2\/comments?post=253"}],"version-history":[{"count":8,"href":"https:\/\/www.hochema.nl\/fr\/wp-json\/wp\/v2\/pages\/253\/revisions"}],"predecessor-version":[{"id":487,"href":"https:\/\/www.hochema.nl\/fr\/wp-json\/wp\/v2\/pages\/253\/revisions\/487"}],"up":[{"embeddable":true,"href":"https:\/\/www.hochema.nl\/fr\/wp-json\/wp\/v2\/pages\/10"}],"wp:attachment":[{"href":"https:\/\/www.hochema.nl\/fr\/wp-json\/wp\/v2\/media?parent=253"}],"curies":[{"name":"wp","href":"https:\/\/api.w.org\/{rel}","templated":true}]}}