{"id":229,"date":"2009-03-24T10:15:31","date_gmt":"2009-03-24T09:15:31","guid":{"rendered":"http:\/\/www.hochema.nl\/fr\/?page_id=229"},"modified":"2009-04-09T13:21:00","modified_gmt":"2009-04-09T12:21:00","slug":"mf-1410","status":"publish","type":"page","link":"https:\/\/www.hochema.nl\/fr\/produits\/mf-1410\/","title":{"rendered":"MF 1410"},"content":{"rendered":"<table border=\"0\">\n<tbody>\n<tr valign=\"top\">\n<td><span style=\"font-size: x-small;\"><span style=\"font-family: Arial; letter-spacing: -0.1pt; mso-bidi-font-family: 'Times New Roman'; mso-fareast-font-family: 'Times New Roman'; mso-ansi-language: NL; mso-fareast-language: NL; mso-bidi-language: AR-SA;\"><strong>Description:<\/strong><\/span><\/span><\/td>\n<td>\u00a0<\/td>\n<td style=\"text-align: left;\"><span style=\"font-size: x-small;\">MF\u00a01410\u00a0est un produit de nettoyage en poudre, l\u00e9g\u00e8rement alcalin, pour le nettoyage d&#8217;installations de micro- ultra- et nanofiltration et d&#8217;installations d&#8217;osmose inverse dans l&#8217;industrie technique.\u00a0<\/span><\/td>\n<\/tr>\n<tr>\n<td><span style=\"font-size: x-small;\">\u00a0<\/span><\/td>\n<td>\u00a0<\/td>\n<td><span style=\"font-size: x-small;\">\u00a0<\/span><\/td>\n<\/tr>\n<tr valign=\"top\">\n<td><span style=\"font-size: x-small; font-family: Arial; letter-spacing: -0.1pt; mso-bidi-font-family: 'Times New Roman'; mso-fareast-font-family: 'Times New Roman'; mso-ansi-language: NL; mso-fareast-language: NL; mso-bidi-language: AR-SA;\"><strong>Propri\u00e9t\u00e9s:<\/strong><\/span><\/td>\n<td>\u00a0<\/td>\n<td>\n<p class=\"MsoNormal\" style=\"margin: 0cm 0cm 0pt; text-align: left; mso-hyphenate: none;\"><span style=\"font-size: x-small;\"><span style=\"font-family: Arial; letter-spacing: -0.1pt; mso-bidi-font-family: 'Times New Roman';\"><span style=\"font-family: Verdana;\">-MF\u00a01410\u00a0<\/span>est convient pour utilisation dans l&#8217;industrie\u00a0technique.<\/span><\/span><\/p>\n<p class=\"MsoNormal\" style=\"margin: 0cm 0cm 0pt; text-align: left; mso-hyphenate: none;\"><span style=\"font-size: x-small;\">-MF\u00a01410 elimine efficacement les prot\u00e9ines et autres salissures organiques.\u00a0<\/span><\/p>\n<p class=\"MsoNormal\" style=\"margin: 0cm 0cm 0pt; text-align: left; mso-hyphenate: none;\"><span style=\"font-size: x-small;\">-MF\u00a01410 est sans EDTA ni NTA.<\/span><\/p>\n<p class=\"MsoNormal\" style=\"margin: 0cm 0cm 0pt; text-align: left; mso-hyphenate: none;\"><span style=\"font-size: x-small;\"><span style=\"font-size: x-small;\"><span style=\"font-size: x-small;\"><span style=\"font-size: x-small;\"><span style=\"font-size: x-small;\"><span style=\"text-decoration: underline;\">Mat\u00e9riaux de membranes<\/span>: Les membranes\u00a0r\u00e9sistantes aux produits alcalins telles le polysulfone, le polyamide, le polyacrylnytril, le polypropyl\u00e8ne, l&#8217;oxyde d&#8217;alpha- aluminium et le dioxyde de zirconium\u00a0sont r\u00e9sistantes au MF 1410.<\/span><\/span><\/span><\/span><\/span>\u00a0<\/p>\n<\/td>\n<\/tr>\n<tr>\n<td><span style=\"font-size: x-small;\">\u00a0<\/span><\/td>\n<td>\u00a0<\/td>\n<td><span style=\"font-size: x-small;\">\u00a0<\/span><\/td>\n<\/tr>\n<tr>\n<td><strong><span style=\"font-size: x-small; font-family: Arial;\">Emballage:<\/span><\/strong><\/td>\n<td>\u00a0<\/td>\n<td>\n<p class=\"MsoNormal\" style=\"margin: 0cm 0cm 0pt; mso-hyphenate: none;\"><span style=\"font-size: x-small; font-family: Arial; letter-spacing: -0.1pt; mso-bidi-font-family: 'Times New Roman';\">Les f\u00fbts\u00a0synth\u00e9tiques de\u00a05 kg. et\u00a025 kg.<\/span><\/p>\n<\/td>\n<\/tr>\n<tr>\n<td><span style=\"font-size: x-small;\">\u00a0<\/span><\/td>\n<td>\u00a0<\/td>\n<td><span style=\"font-size: x-small;\">\u00a0<\/span><\/td>\n<\/tr>\n<tr valign=\"top\">\n<td><strong><span style=\"font-size: x-small; font-family: Arial;\">Aspects\u00a0de\u00a0s\u00e9curit\u00e9:<\/span><\/strong><\/td>\n<td>\u00a0<\/td>\n<td>\n<p class=\"MsoNormal\" style=\"margin: 0cm 0cm 0pt; mso-hyphenate: none;\"><span style=\"font-size: x-small; font-family: Arial; letter-spacing: -0.1pt; mso-bidi-font-family: 'Times New Roman';\">Les infomations de s\u00e9curit\u00e9 sont reprises sur la fiche de s\u00e9curit\u00e9 du produit.\u00a0 Porter toujours des v\u00eatements de protection et une protection pour les yeux et le visage lors de la manipulation de produits.\u00a0 <\/span><\/p>\n<\/td>\n<\/tr>\n<tr>\n<td>\u00a0<\/td>\n<td>\u00a0<\/td>\n<td><span style=\"font-size: x-small;\">\u00a0<\/span><\/td>\n<\/tr>\n<tr valign=\"top\">\n<td><span style=\"font-size: x-small;\"><strong>Dosage:<\/strong><\/span><\/td>\n<td>\u00a0<\/td>\n<td><span style=\"font-size: x-small;\">Manuellement ou par dosage automatique \u00e0 base de conductivit\u00e9.<\/span><\/td>\n<\/tr>\n<tr>\n<td>\u00a0<\/td>\n<td>\u00a0<\/td>\n<td>\u00a0<\/td>\n<\/tr>\n<tr valign=\"top\">\n<td><strong><span style=\"font-size: x-small;\">Le mesurage:<\/span><\/strong><\/td>\n<td>\u00a0<\/td>\n<td><span style=\"font-size: x-small;\">M\u00e9thode par titrage ou avec l&#8217;instrument de mesure de conductivit\u00e9.\u00a0\u00a0<\/span><span style=\"font-size: x-small;\"><span style=\"font-family: Arial;\">Consulter notre expert!<\/span><\/span><\/td>\n<\/tr>\n<tr>\n<td>\u00a0<\/td>\n<td>\u00a0\u00a0<\/td>\n<td>\u00a0<\/td>\n<\/tr>\n<\/tbody>\n<\/table>\n<table border=\"0\">\n<tbody>\n<tr>\n<td style=\"text-align: left;\"><span style=\"font-size: x-small;\"><span style=\"font-family: Arial; letter-spacing: -0.1pt; mso-bidi-font-family: 'Times New Roman'; mso-fareast-font-family: 'Times New Roman'; mso-ansi-language: NL; mso-fareast-language: NL; mso-bidi-language: AR-SA;\"><strong>Donn\u00e9es\u00a0techniques:<\/strong><\/span> <\/span><\/td>\n<td>\u00a0\u00a0<\/td>\n<td style=\"text-align: left;\"><span style=\"font-size: x-small;\">Aspect:\u00a0 <\/span><\/td>\n<td style=\"text-align: left;\"><span style=\"font-size: x-small;\"><span style=\"letter-spacing: -0.1pt; mso-bidi-font-family: 'Times New Roman';\">MF\u00a01410<\/span><span style=\"font-family: Arial; letter-spacing: -0.1pt; mso-bidi-font-family: 'Times New Roman';\"> est un poudre.<\/span>\u00a0<\/span><\/td>\n<\/tr>\n<tr valign=\"top\">\n<td>\u00a0<\/td>\n<td>\u00a0<\/td>\n<td><span style=\"font-size: x-small; font-family: Arial;\">Composants de base:<\/span><\/td>\n<td><span style=\"font-size: x-small; font-family: Arial;\">Stabilit\u00e9 Hydroxide de sodium, agents, complexants et tensio-actifs anioniques<\/span><\/td>\n<\/tr>\n<tr>\n<td><span style=\"font-size: x-small;\">\u00a0<\/span><\/td>\n<td>\u00a0<\/td>\n<td><span style=\"font-family: Arial; letter-spacing: -0.1pt; mso-bidi-font-family: 'Times New Roman'; mso-fareast-font-family: 'Times New Roman'; mso-ansi-language: NL; mso-fareast-language: NL; mso-bidi-language: AR-SA;\"><span style=\"font-size: x-small;\">Valeur pH 1% (20\u00b0C)<\/span><\/span><\/td>\n<td>\n<p class=\"MsoNormal\" style=\"margin: 0cm 0cm 0pt; mso-hyphenate: none;\"><span style=\"font-size: x-small; font-family: Arial; letter-spacing: -0.1pt; mso-bidi-font-family: 'Times New Roman';\">\u00b1 12,4<\/span><\/p>\n<\/td>\n<\/tr>\n<tr>\n<td>\u00a0<\/td>\n<td>\u00a0<\/td>\n<td><span style=\"font-size: x-small; font-family: Arial;\">Densit\u00e9:<\/span><\/td>\n<td><span style=\"font-size: x-small; font-family: Arial;\">1,108 gr\/cm<sup>3<\/sup><\/span><\/td>\n<\/tr>\n<tr>\n<td><span style=\"font-size: x-small;\">\u00a0<\/span><\/td>\n<td>\u00a0<\/td>\n<td style=\"text-align: left;\"><span style=\"font-family: Arial; letter-spacing: -0.1pt; mso-bidi-font-family: 'Times New Roman'; mso-fareast-font-family: 'Times New Roman'; mso-ansi-language: NL; mso-fareast-language: NL; mso-bidi-language: AR-SA;\"><span style=\"font-size: x-small;\">Le\u00a0mat\u00e9riel\u00a0de\u00a0la\u00a0cuve:<\/span><\/span><\/td>\n<td valign=\"top\">\n<p class=\"MsoNormal\" style=\"margin: 0cm 0cm 0pt; mso-hyphenate: none;\"><span style=\"font-size: x-small; font-family: Arial; letter-spacing: -0.1pt; mso-bidi-font-family: 'Times New Roman';\">Acier inoxydable ou polyethyl\u00e8ne.\u00a0 Ne pas sur l&#8217;aluminium.<\/span><\/p>\n<\/td>\n<\/tr>\n<tr>\n<td>\u00a0<\/td>\n<td>\u00a0<\/td>\n<td><span style=\"font-size: x-small; font-family: Arial;\">Solubilit\u00e9:<\/span><\/td>\n<td><span style=\"font-size: x-small; font-family: Arial;\">Miscible \u00e0 l&#8217;eau entre 2,5 &#8211; 3% \u00e0 20\u00b0C. .<\/span><\/td>\n<\/tr>\n<tr valign=\"top\">\n<td>\u00a0<\/td>\n<td>\u00a0<\/td>\n<td><span style=\"font-size: x-small; font-family: Arial;\">Stabilit\u00e9\u00a0de\u00a0stockage:<\/span><\/td>\n<td><span style=\"font-size: x-small; font-family: Arial;\">de -10\u00b0C. \u00e0 40\u00b0C.<\/span><\/td>\n<\/tr>\n<tr>\n<td>\u00a0<\/td>\n<td>\u00a0<\/td>\n<td><span style=\"font-size: x-small; font-family: Arial;\">Conservation:<\/span><\/td>\n<td><span style=\"font-size: x-small; font-family: Arial;\">2 ans.<\/span><\/td>\n<\/tr>\n<tr valign=\"top\">\n<td><span style=\"font-size: x-small;\">\u00a0<\/span><\/td>\n<td>\u00a0<\/td>\n<td><span style=\"font-size: x-small; font-family: Arial; letter-spacing: -0.1pt; mso-bidi-font-family: 'Times New Roman'; mso-fareast-font-family: 'Times New Roman'; mso-ansi-language: NL; mso-fareast-language: NL; mso-bidi-language: AR-SA;\">Valeur COD:<\/span><\/td>\n<td>\n<p class=\"MsoNormal\" style=\"margin: 0cm 0cm 0pt; text-align: left; mso-hyphenate: none;\"><span style=\"font-size: x-small;\"><span style=\"font-family: Arial; letter-spacing: -0.1pt; mso-bidi-font-family: 'Times New Roman';\"><span style=\"font-size: x-small;\"><span style=\"font-family: Arial; letter-spacing: -0.1pt; mso-bidi-font-family: 'Times New Roman';\">env.\u00a0240 mg. O<sup><sub>2<\/sub><\/sup>\/g de produit.<\/span><\/span><\/span><\/span><\/p>\n<div class=\"MsoNormal\" style=\"margin: 0cm 0cm 0pt; text-align: left; mso-hyphenate: none;\"><span style=\"font-size: x-small;\"><span style=\"font-family: Arial; letter-spacing: -0.1pt; mso-bidi-font-family: 'Times New Roman';\"><span style=\"font-size: x-small; font-family: Arial; letter-spacing: -0.1pt; mso-bidi-font-family: 'Times New Roman';\">Consulter notre expert!<\/span><\/span><\/span><\/div>\n<\/td>\n<\/tr>\n<tr>\n<td>\u00a0<\/td>\n<td>\u00a0<\/td>\n<td><span style=\"font-size: x-small; font-family: Arial;\">Proppri\u00e9t\u00e9s\u00a0moussantes:\u00a0\u00a0\u00a0\u00a0\u00a0\u00a0<\/span><\/td>\n<td><span style=\"font-size: x-small; font-family: Arial;\">Ne mousse pas.<\/span><\/td>\n<\/tr>\n<tr>\n<td><span style=\"font-size: x-small;\">\u00a0<\/span><\/td>\n<td>\u00a0<\/td>\n<td><span style=\"font-size: x-small;\">\u00a0<\/span><\/td>\n<td><span style=\"font-size: x-small;\">\u00a0<\/span><\/td>\n<\/tr>\n<tr valign=\"top\">\n<td><span style=\"font-size: x-small;\"><strong><span style=\"font-family: Arial;\">Mode d&#8217;emploi:<\/span><\/strong><\/span><\/td>\n<td>\u00a0<\/td>\n<td style=\"text-align: left;\"><span style=\"font-size: x-small; font-family: Arial; letter-spacing: -0.1pt; mso-bidi-font-family: 'Times New Roman'; mso-fareast-font-family: 'Times New Roman'; mso-ansi-language: NL; mso-fareast-language: NL; mso-bidi-language: AR-SA;\">Dur\u00e9e de nettoyage:<\/span><\/td>\n<td><span style=\"font-size: x-small; font-family: Arial; letter-spacing: -0.1pt; mso-bidi-font-family: 'Times New Roman'; mso-fareast-font-family: 'Times New Roman'; mso-ansi-language: NL; mso-fareast-language: NL; mso-bidi-language: AR-SA;\">Proc\u00e9dure g\u00e9n\u00e9rale de nettoyage:\u00a0 Apr\u00e8s un pr\u00e9-rin\u00e7age en profondeur, on peut proc\u00e9der au nettoyage au MF 1410 \u00e0 une concentration de 0,5 &#8211; 1,5%, temp\u00e9rature max. 85\u00b0C.\u00a0 dans certains cas exeptionnels, des concentrations et des temp\u00e9ratures plus \u00e9lev\u00e9es seront autoris\u00e9es.\u00a0 Apr\u00e8s le nettoyage il convient de rincer jusqu&#8217;\u00e0 \u00e9limination compl\u00e8te des r\u00e9sidus.\u00a0 On conseille de contr\u00f4ler la tension de surface de l&#8217;eau de rincage comme m\u00e9thode de contr\u00f4le.\u00a0\u00a0En r\u00e8gle g\u00e9n\u00e9rale, il convient de suivre les instructions du fournisseur de membranes pour ce qui concerne le pH et la stabilit\u00e9 de la temp\u00e9rature des membranes et des modules.\u00a0 <\/span><\/td>\n<\/tr>\n<tr>\n<td><span style=\"font-size: x-small;\">\u00a0<\/span><\/td>\n<td>\u00a0<\/td>\n<td style=\"text-align: left;\"><span style=\"font-size: x-small; font-family: Arial; letter-spacing: -0.1pt; mso-bidi-font-family: 'Times New Roman'; mso-fareast-font-family: 'Times New Roman'; mso-ansi-language: NL; mso-fareast-language: NL; mso-bidi-language: AR-SA;\">Dosage de la produit: <\/span><\/td>\n<td><span style=\"font-size: x-small; font-family: Arial; letter-spacing: -0.1pt; mso-bidi-font-family: 'Times New Roman'; mso-fareast-font-family: 'Times New Roman'; mso-ansi-language: NL; mso-fareast-language: NL; mso-bidi-language: AR-SA;\">Le produit\u00a0doit \u00eatre ajout\u00e9 \u00e0 l&#8217;eau froide ou chaude.<\/span><\/td>\n<\/tr>\n<\/tbody>\n<\/table>\n<p><a href=\"javascript:history.go(-1);\"><img loading=\"lazy\" class=\"alignright size-medium wp-image-615\" title=\"terug\" src=\"http:\/\/www.hochema.nl\/fr\/wp-content\/uploads\/2009\/03\/retourknop.gif\" alt=\"\" width=\"88\" height=\"26\" \/><\/a><\/p>\n","protected":false},"excerpt":{"rendered":"<p>Description: \u00a0 MF\u00a01410\u00a0est un produit de nettoyage en poudre, l\u00e9g\u00e8rement alcalin, pour le nettoyage d&#8217;installations de micro- ultra- et nanofiltration et d&#8217;installations d&#8217;osmose inverse dans l&#8217;industrie technique.\u00a0 \u00a0 \u00a0 \u00a0 Propri\u00e9t\u00e9s: \u00a0 -MF\u00a01410\u00a0est convient pour utilisation dans l&#8217;industrie\u00a0technique. -MF\u00a01410 elimine efficacement les prot\u00e9ines et autres salissures organiques.\u00a0 -MF\u00a01410 est sans EDTA ni NTA. Mat\u00e9riaux de [&hellip;]<\/p>\n","protected":false},"author":2,"featured_media":0,"parent":10,"menu_order":0,"comment_status":"closed","ping_status":"closed","template":"","meta":{"ngg_post_thumbnail":0},"_links":{"self":[{"href":"https:\/\/www.hochema.nl\/fr\/wp-json\/wp\/v2\/pages\/229"}],"collection":[{"href":"https:\/\/www.hochema.nl\/fr\/wp-json\/wp\/v2\/pages"}],"about":[{"href":"https:\/\/www.hochema.nl\/fr\/wp-json\/wp\/v2\/types\/page"}],"author":[{"embeddable":true,"href":"https:\/\/www.hochema.nl\/fr\/wp-json\/wp\/v2\/users\/2"}],"replies":[{"embeddable":true,"href":"https:\/\/www.hochema.nl\/fr\/wp-json\/wp\/v2\/comments?post=229"}],"version-history":[{"count":21,"href":"https:\/\/www.hochema.nl\/fr\/wp-json\/wp\/v2\/pages\/229\/revisions"}],"predecessor-version":[{"id":488,"href":"https:\/\/www.hochema.nl\/fr\/wp-json\/wp\/v2\/pages\/229\/revisions\/488"}],"up":[{"embeddable":true,"href":"https:\/\/www.hochema.nl\/fr\/wp-json\/wp\/v2\/pages\/10"}],"wp:attachment":[{"href":"https:\/\/www.hochema.nl\/fr\/wp-json\/wp\/v2\/media?parent=229"}],"curies":[{"name":"wp","href":"https:\/\/api.w.org\/{rel}","templated":true}]}}