{"id":215,"date":"2009-03-23T17:19:42","date_gmt":"2009-03-23T16:19:42","guid":{"rendered":"http:\/\/www.hochema.nl\/fr\/?page_id=215"},"modified":"2009-04-09T13:21:37","modified_gmt":"2009-04-09T12:21:37","slug":"mf-5300","status":"publish","type":"page","link":"https:\/\/www.hochema.nl\/fr\/produits\/mf-5300\/","title":{"rendered":"MF 5300"},"content":{"rendered":"<table border=\"0\">\n<tbody>\n<tr valign=\"top\">\n<td><span style=\"font-size: x-small;\"><span style=\"font-family: Arial; letter-spacing: -0.1pt; mso-bidi-font-family: 'Times New Roman'; mso-fareast-font-family: 'Times New Roman'; mso-ansi-language: NL; mso-fareast-language: NL; mso-bidi-language: AR-SA;\"><strong>Description:<\/strong><\/span><\/span><\/td>\n<td>\u00a0<\/td>\n<td style=\"text-align: left;\"><span style=\"font-size: x-small;\">MF 5300\u00a0est un produit de nettoyage en poudre, neutre, tamponn\u00e9, enzymatique, utilis\u00e9 pour le nettoyage des installations de filtration par membrane. <\/span><\/td>\n<\/tr>\n<tr>\n<td><span style=\"font-size: x-small;\">\u00a0<\/span><\/td>\n<td>\u00a0<\/td>\n<td><span style=\"font-size: x-small;\">\u00a0<\/span><\/td>\n<\/tr>\n<tr valign=\"top\">\n<td><span style=\"font-size: x-small; font-family: Arial; letter-spacing: -0.1pt; mso-bidi-font-family: 'Times New Roman'; mso-fareast-font-family: 'Times New Roman'; mso-ansi-language: NL; mso-fareast-language: NL; mso-bidi-language: AR-SA;\"><strong>Propri\u00e9t\u00e9s:<\/strong><\/span><\/td>\n<td>\u00a0<\/td>\n<td>\n<p class=\"MsoNormal\" style=\"margin: 0cm 0cm 0pt; text-align: left; mso-hyphenate: none;\"><span style=\"font-size: x-small;\"><span style=\"font-family: Arial; letter-spacing: -0.1pt; mso-bidi-font-family: 'Times New Roman';\"><span style=\"font-family: Verdana;\">-MF 5300 <\/span>est convient pour utilisation dans l&#8217;industrie alimentaire, entre autre dans l&#8217;industrie de l&#8217;amidon, l&#8217;industrie pharmaceutique et technique.<\/span><\/span><\/p>\n<p class=\"MsoNormal\" style=\"margin: 0cm 0cm 0pt; text-align: left; mso-hyphenate: none;\"><span style=\"font-size: x-small;\">-MF 5300 est tamponn\u00e9 \u00e0 pH 8,0 &#8211; 9,5.<\/span><\/p>\n<p class=\"MsoNormal\" style=\"margin: 0cm 0cm 0pt; text-align: left; mso-hyphenate: none;\"><span style=\"font-size: x-small;\">-MF 5300 con\u00e7u pour le nettoyage des membranes sensibles au pH, telles les\u00a0 \u00a0membranes en ac\u00e9tate de cellulose.<\/span><\/p>\n<p class=\"MsoNormal\" style=\"margin: 0cm 0cm 0pt; text-align: left; mso-hyphenate: none;\"><span style=\"font-size: x-small;\">-MF 5300 est pour la dissolution des prot\u00e9ines, graisses, sels, d\u00e9p\u00f4ts \u00a0calcaires, etc..<\/span><\/p>\n<p class=\"MsoNormal\" style=\"margin: 0cm 0cm 0pt; text-align: left; mso-hyphenate: none;\"><span style=\"font-size: x-small;\">-MF 5300 ne peut pas \u00eatre r\u00e9utilis\u00e9.<\/span><\/p>\n<\/td>\n<\/tr>\n<tr>\n<td><span style=\"font-size: x-small;\">\u00a0<\/span><\/td>\n<td>\u00a0<\/td>\n<td><span style=\"font-size: x-small;\">\u00a0<\/span><\/td>\n<\/tr>\n<tr>\n<td><strong><span style=\"font-size: x-small; font-family: Arial;\">Emballage:<\/span><\/strong><\/td>\n<td>\u00a0<\/td>\n<td>\n<p class=\"MsoNormal\" style=\"margin: 0cm 0cm 0pt; mso-hyphenate: none;\"><span style=\"font-size: x-small; font-family: Arial; letter-spacing: -0.1pt; mso-bidi-font-family: 'Times New Roman';\">Les f\u00fbts\u00a0synth\u00e9tiques de\u00a05 kg. et\u00a025 kg.<\/span><\/p>\n<\/td>\n<\/tr>\n<tr>\n<td><span style=\"font-size: x-small;\">\u00a0<\/span><\/td>\n<td>\u00a0<\/td>\n<td><span style=\"font-size: x-small;\">\u00a0<\/span><\/td>\n<\/tr>\n<tr valign=\"top\">\n<td><strong><span style=\"font-size: x-small; font-family: Arial;\">Aspects\u00a0de\u00a0s\u00e9curit\u00e9:<\/span><\/strong><\/td>\n<td>\u00a0<\/td>\n<td>\n<p class=\"MsoNormal\" style=\"margin: 0cm 0cm 0pt; mso-hyphenate: none;\"><span style=\"font-size: x-small; font-family: Arial; letter-spacing: -0.1pt; mso-bidi-font-family: 'Times New Roman';\">Les infomations de s\u00e9curit\u00e9 sont reprises sur la fiche de s\u00e9curit\u00e9 du produit.\u00a0 Porter toujours des v\u00eatements de protection et une protection pour les yeux et le visage lors de la manipulation de produits.\u00a0 <\/span><\/p>\n<\/td>\n<\/tr>\n<tr>\n<td>\u00a0<\/td>\n<td>\u00a0<\/td>\n<td><span style=\"font-size: x-small;\">\u00a0<\/span><\/td>\n<\/tr>\n<tr valign=\"top\">\n<td><span style=\"font-size: x-small;\"><strong>Dosage:<\/strong><\/span><\/td>\n<td>\u00a0<\/td>\n<td><span style=\"font-size: x-small;\">Manuellement ou par dosage automatique \u00e0 base de conductivit\u00e9.<\/span><\/td>\n<\/tr>\n<tr>\n<td>\u00a0<\/td>\n<td>\u00a0<\/td>\n<td>\u00a0<\/td>\n<\/tr>\n<tr valign=\"top\">\n<td><strong><span style=\"font-size: x-small;\">Le mesurage:<\/span><\/strong><\/td>\n<td>\u00a0<\/td>\n<td><span style=\"font-size: x-small;\">M\u00e9thode par titrage ou avec l&#8217;instrument de mesure de conductivit\u00e9.\u00a0\u00a0<\/span><span style=\"font-size: x-small;\"><span style=\"font-family: Arial;\">Consulter notre expert!<\/span><\/span><\/td>\n<\/tr>\n<tr>\n<td>\u00a0<\/td>\n<td>\u00a0\u00a0<\/td>\n<td>\u00a0<\/td>\n<\/tr>\n<\/tbody>\n<\/table>\n<table border=\"0\">\n<tbody>\n<tr>\n<td style=\"text-align: left;\"><span style=\"font-size: x-small;\"><span style=\"font-family: Arial; letter-spacing: -0.1pt; mso-bidi-font-family: 'Times New Roman'; mso-fareast-font-family: 'Times New Roman'; mso-ansi-language: NL; mso-fareast-language: NL; mso-bidi-language: AR-SA;\"><strong>Donn\u00e9es\u00a0techniques:<\/strong><\/span> <\/span><\/td>\n<td>\u00a0\u00a0<\/td>\n<td style=\"text-align: left;\"><span style=\"font-size: x-small;\">Aspect:\u00a0 <\/span><\/td>\n<td style=\"text-align: left;\"><span style=\"font-size: x-small;\"><span style=\"letter-spacing: -0.1pt; mso-bidi-font-family: 'Times New Roman';\">MF 5300<\/span><span style=\"font-family: Arial; letter-spacing: -0.1pt; mso-bidi-font-family: 'Times New Roman';\"> est un poudre.<\/span>\u00a0<\/span><\/td>\n<\/tr>\n<tr>\n<td><span style=\"font-size: x-small;\">\u00a0<\/span><\/td>\n<td>\u00a0<\/td>\n<td><span style=\"font-family: Arial; letter-spacing: -0.1pt; mso-bidi-font-family: 'Times New Roman'; mso-fareast-font-family: 'Times New Roman'; mso-ansi-language: NL; mso-fareast-language: NL; mso-bidi-language: AR-SA;\"><span style=\"font-size: x-small;\">Valeur pH 1% (20\u00b0C)<\/span><\/span><\/td>\n<td>\n<p class=\"MsoNormal\" style=\"margin: 0cm 0cm 0pt; mso-hyphenate: none;\"><span style=\"font-size: x-small; font-family: Arial; letter-spacing: -0.1pt; mso-bidi-font-family: 'Times New Roman';\">\u00b1 9,0<\/span><\/p>\n<\/td>\n<\/tr>\n<tr>\n<td><span style=\"font-size: x-small;\">\u00a0<\/span><\/td>\n<td>\u00a0<\/td>\n<td style=\"text-align: left;\"><span style=\"font-family: Arial; letter-spacing: -0.1pt; mso-bidi-font-family: 'Times New Roman'; mso-fareast-font-family: 'Times New Roman'; mso-ansi-language: NL; mso-fareast-language: NL; mso-bidi-language: AR-SA;\"><span style=\"font-size: x-small;\">Le\u00a0mat\u00e9riel\u00a0de\u00a0la\u00a0cuve:<\/span><\/span><\/td>\n<td valign=\"top\">\n<p class=\"MsoNormal\" style=\"margin: 0cm 0cm 0pt; mso-hyphenate: none;\"><span style=\"font-size: x-small; font-family: Arial; letter-spacing: -0.1pt; mso-bidi-font-family: 'Times New Roman';\">Acier inoxydable ou polyethyl\u00e8ne.\u00a0 Ne pas sur l&#8217;aluminium.<\/span><\/p>\n<\/td>\n<\/tr>\n<tr>\n<td>\u00a0<\/td>\n<td>\u00a0<\/td>\n<td><span style=\"font-size: x-small; font-family: Arial;\">Solubilit\u00e9:<\/span><\/td>\n<td><span style=\"font-size: x-small; font-family: Arial;\">Miscible \u00e0 l&#8217;eau en toutes proportions.<\/span><\/td>\n<\/tr>\n<tr valign=\"top\">\n<td>\u00a0<\/td>\n<td>\u00a0<\/td>\n<td><span style=\"font-size: x-small; font-family: Arial;\">Stabilit\u00e9\u00a0de\u00a0stockage:\u00a0\u00a0\u00a0\u00a0\u00a0\u00a0\u00a0 <\/span><\/td>\n<td><span style=\"font-size: x-small; font-family: Arial;\">de -5\u00b0C. \u00e0 30\u00b0C.<\/span><\/td>\n<\/tr>\n<tr valign=\"top\">\n<td><span style=\"font-size: x-small;\">\u00a0<\/span><\/td>\n<td>\u00a0<\/td>\n<td><span style=\"font-size: x-small; font-family: Arial; letter-spacing: -0.1pt; mso-bidi-font-family: 'Times New Roman'; mso-fareast-font-family: 'Times New Roman'; mso-ansi-language: NL; mso-fareast-language: NL; mso-bidi-language: AR-SA;\">Valeur COD:<\/span><\/td>\n<td>\n<p class=\"MsoNormal\" style=\"margin: 0cm 0cm 0pt; text-align: left; mso-hyphenate: none;\"><span style=\"font-size: x-small;\"><span style=\"font-family: Arial; letter-spacing: -0.1pt; mso-bidi-font-family: 'Times New Roman';\"><span style=\"font-size: x-small;\"><span style=\"font-family: Arial; letter-spacing: -0.1pt; mso-bidi-font-family: 'Times New Roman';\">env.\u00a0350 mg. O<sup><sub>2<\/sub><\/sup>\/g de produit.<\/span><\/span><\/span><\/span><\/p>\n<div class=\"MsoNormal\" style=\"margin: 0cm 0cm 0pt; text-align: left; mso-hyphenate: none;\"><span style=\"font-size: x-small;\"><span style=\"font-family: Arial; letter-spacing: -0.1pt; mso-bidi-font-family: 'Times New Roman';\"><span style=\"font-size: x-small; font-family: Arial; letter-spacing: -0.1pt; mso-bidi-font-family: 'Times New Roman';\">Consulter notre expert!<\/span><\/span><\/span><\/div>\n<\/td>\n<\/tr>\n<tr>\n<td><span style=\"font-size: x-small;\">\u00a0<\/span><\/td>\n<td>\u00a0<\/td>\n<td><span style=\"font-size: x-small;\">\u00a0<\/span><\/td>\n<td><span style=\"font-size: x-small;\">\u00a0<\/span><\/td>\n<\/tr>\n<tr valign=\"top\">\n<td><span style=\"font-size: x-small;\"><strong><span style=\"font-family: Arial;\">Mode d&#8217;emploi:<\/span><\/strong><\/span><\/td>\n<td>\u00a0<\/td>\n<td style=\"text-align: left;\"><span style=\"font-size: x-small; font-family: Arial; letter-spacing: -0.1pt; mso-bidi-font-family: 'Times New Roman'; mso-fareast-font-family: 'Times New Roman'; mso-ansi-language: NL; mso-fareast-language: NL; mso-bidi-language: AR-SA;\">Dur\u00e9e de nettoyage:<\/span><\/td>\n<td><span style=\"font-size: x-small; font-family: Arial; letter-spacing: -0.1pt; mso-bidi-font-family: 'Times New Roman'; mso-fareast-font-family: 'Times New Roman'; mso-ansi-language: NL; mso-fareast-language: NL; mso-bidi-language: AR-SA;\">Proc\u00e9dure g\u00e9n\u00e9rale de nettoyage:\u00a0 Eliminer toute trace de produit et pr\u00e9-rin\u00e7er \u00e0 l\u00e9au et\/ou \u00e0 l&#8217;aide d&#8217;un perm\u00e9at.\u00a0 Nettoyage en circuit ferm\u00e9 avec une solution de 2% de MF 5300 durant 45 \u00e0 90 minutes.\u00a0 Temp\u00e9rature de 30\u00b0C \u00e0 45\u00b0C.\u00a0 (consulter de manuel d&#8217;utilisation de votre installation pour connaitre les valeurs maximales de pH et temp\u00e9rature autoris\u00e9es).\u00a0 Post ricer a l&#8217;eau.\u00a0 D\u00e9pendant du type d&#8217;appareillage et du produit trait\u00e9, il peut s&#8217;av\u00e9rer n\u00e9cessaire d&#8217;effectuer de fa\u00e7on p\u00e9riodique, voire quotidienne, un nettoyage acide avec du MF 0100.<\/span><\/td>\n<\/tr>\n<tr>\n<td><span style=\"font-size: x-small;\">\u00a0<\/span><\/td>\n<td>\u00a0<\/td>\n<td style=\"text-align: left;\"><span style=\"font-size: x-small; font-family: Arial; letter-spacing: -0.1pt; mso-bidi-font-family: 'Times New Roman'; mso-fareast-font-family: 'Times New Roman'; mso-ansi-language: NL; mso-fareast-language: NL; mso-bidi-language: AR-SA;\">Dosage de la produit: <\/span><\/td>\n<td><span style=\"font-size: x-small; font-family: Arial; letter-spacing: -0.1pt; mso-bidi-font-family: 'Times New Roman'; mso-fareast-font-family: 'Times New Roman'; mso-ansi-language: NL; mso-fareast-language: NL; mso-bidi-language: AR-SA;\">Le produit\u00a0doit \u00eatre ajout\u00e9 \u00e0 l&#8217;eau froide ou chaude.<\/span><\/td>\n<\/tr>\n<\/tbody>\n<\/table>\n<p><a href=\"javascript:history.go(-1);\"><img loading=\"lazy\" class=\"alignright size-medium wp-image-615\" title=\"terug\" src=\"http:\/\/www.hochema.nl\/fr\/wp-content\/uploads\/2009\/03\/retourknop.gif\" alt=\"\" width=\"88\" height=\"26\" \/><\/a><\/p>\n","protected":false},"excerpt":{"rendered":"<p>Description: \u00a0 MF 5300\u00a0est un produit de nettoyage en poudre, neutre, tamponn\u00e9, enzymatique, utilis\u00e9 pour le nettoyage des installations de filtration par membrane. \u00a0 \u00a0 \u00a0 Propri\u00e9t\u00e9s: \u00a0 -MF 5300 est convient pour utilisation dans l&#8217;industrie alimentaire, entre autre dans l&#8217;industrie de l&#8217;amidon, l&#8217;industrie pharmaceutique et technique. -MF 5300 est tamponn\u00e9 \u00e0 pH 8,0 &#8211; [&hellip;]<\/p>\n","protected":false},"author":2,"featured_media":0,"parent":10,"menu_order":0,"comment_status":"closed","ping_status":"closed","template":"","meta":{"ngg_post_thumbnail":0},"_links":{"self":[{"href":"https:\/\/www.hochema.nl\/fr\/wp-json\/wp\/v2\/pages\/215"}],"collection":[{"href":"https:\/\/www.hochema.nl\/fr\/wp-json\/wp\/v2\/pages"}],"about":[{"href":"https:\/\/www.hochema.nl\/fr\/wp-json\/wp\/v2\/types\/page"}],"author":[{"embeddable":true,"href":"https:\/\/www.hochema.nl\/fr\/wp-json\/wp\/v2\/users\/2"}],"replies":[{"embeddable":true,"href":"https:\/\/www.hochema.nl\/fr\/wp-json\/wp\/v2\/comments?post=215"}],"version-history":[{"count":17,"href":"https:\/\/www.hochema.nl\/fr\/wp-json\/wp\/v2\/pages\/215\/revisions"}],"predecessor-version":[{"id":489,"href":"https:\/\/www.hochema.nl\/fr\/wp-json\/wp\/v2\/pages\/215\/revisions\/489"}],"up":[{"embeddable":true,"href":"https:\/\/www.hochema.nl\/fr\/wp-json\/wp\/v2\/pages\/10"}],"wp:attachment":[{"href":"https:\/\/www.hochema.nl\/fr\/wp-json\/wp\/v2\/media?parent=215"}],"curies":[{"name":"wp","href":"https:\/\/api.w.org\/{rel}","templated":true}]}}