{"id":18,"date":"2008-12-30T11:27:43","date_gmt":"2008-12-30T10:27:43","guid":{"rendered":"http:\/\/www.hochema.nl\/fr\/?page_id=18"},"modified":"2019-03-14T14:11:47","modified_gmt":"2019-03-14T13:11:47","slug":"nouvelles","status":"publish","type":"page","link":"https:\/\/www.hochema.nl\/fr\/nouvelles\/","title":{"rendered":"Nouvelles"},"content":{"rendered":"<p><strong>CLP &#8211; Classification, \u00e9tiquetage et emballage des substances et des m\u00e9langes<\/strong><br \/>\nLe r\u00e8glement CLP (r\u00e8glement (CE) n \u00b0 1272\/2008) aligne l&#8217;ancienne l\u00e9gislation de l&#8217;UE sur le syst\u00e8me de classification et d&#8217;\u00e9tiquetage des substances harmonis\u00e9 au niveau mondial, SGH, un syst\u00e8me des Nations Unies permettant d&#8217;identifier les produits chimiques dangereux et les utilisateurs pour informer sur ces dangers. Le r\u00e8glement est \u00e9galement li\u00e9 au r\u00e8glement REACH. Le r\u00e8glement CLP est entr\u00e9 en vigueur le 20 janvier 2009 et a progressivement remplac\u00e9 la classification et l&#8217;\u00e9tiquetage de la directive sur les substances dangereuses (67\/548 \/ CEE) et de la directive sur les pr\u00e9parations dangereuses (1999\/45 \/ CE). Les deux directives ont \u00e9t\u00e9 abrog\u00e9es le 1er juin 2015.<\/p>\n","protected":false},"excerpt":{"rendered":"<p>CLP &#8211; Classification, \u00e9tiquetage et emballage des substances et des m\u00e9langes Le r\u00e8glement CLP (r\u00e8glement (CE) n \u00b0 1272\/2008) aligne l&#8217;ancienne l\u00e9gislation de l&#8217;UE sur le syst\u00e8me de classification et d&#8217;\u00e9tiquetage des substances harmonis\u00e9 au niveau mondial, SGH, un syst\u00e8me des Nations Unies permettant d&#8217;identifier les produits chimiques dangereux et les utilisateurs pour informer sur [&hellip;]<\/p>\n","protected":false},"author":2,"featured_media":0,"parent":0,"menu_order":99,"comment_status":"closed","ping_status":"closed","template":"","meta":{"ngg_post_thumbnail":0},"_links":{"self":[{"href":"https:\/\/www.hochema.nl\/fr\/wp-json\/wp\/v2\/pages\/18"}],"collection":[{"href":"https:\/\/www.hochema.nl\/fr\/wp-json\/wp\/v2\/pages"}],"about":[{"href":"https:\/\/www.hochema.nl\/fr\/wp-json\/wp\/v2\/types\/page"}],"author":[{"embeddable":true,"href":"https:\/\/www.hochema.nl\/fr\/wp-json\/wp\/v2\/users\/2"}],"replies":[{"embeddable":true,"href":"https:\/\/www.hochema.nl\/fr\/wp-json\/wp\/v2\/comments?post=18"}],"version-history":[{"count":2,"href":"https:\/\/www.hochema.nl\/fr\/wp-json\/wp\/v2\/pages\/18\/revisions"}],"predecessor-version":[{"id":541,"href":"https:\/\/www.hochema.nl\/fr\/wp-json\/wp\/v2\/pages\/18\/revisions\/541"}],"wp:attachment":[{"href":"https:\/\/www.hochema.nl\/fr\/wp-json\/wp\/v2\/media?parent=18"}],"curies":[{"name":"wp","href":"https:\/\/api.w.org\/{rel}","templated":true}]}}