{"id":12,"date":"2008-12-30T11:21:33","date_gmt":"2008-12-30T10:21:33","guid":{"rendered":"http:\/\/www.hochema.nl\/fr\/?page_id=12"},"modified":"2009-04-09T16:07:06","modified_gmt":"2009-04-09T15:07:06","slug":"equipement","status":"publish","type":"page","link":"https:\/\/www.hochema.nl\/fr\/equipement\/","title":{"rendered":"Machines"},"content":{"rendered":"<p><strong><span style=\"color: #0000ff;\">&#8211; <a href=\"http:\/\/www.hochema.nl\/fr\/wp-content\/uploads\/2009\/04\/machine-de-trempage.pdf\"><span style=\"color: #0000ff;\">Machines de trempage par Immersion<\/span><\/a><\/span><\/strong><\/p>\n<p><strong><span style=\"color: #0000ff;\"><span style=\"color: #0000ff;\"><strong>&#8211; Machines\u00a0au tremp\u00e9\u00a0l&#8217;int\u00e9gration d&#8217;ultrasons<\/strong><\/span><\/span><\/strong><\/p>\n<p><strong><span style=\"color: #0000ff;\"><span style=\"color: #0000ff;\"><strong>&#8211; <\/strong><\/span><span style=\"color: #0000ff;\"><strong><a href=\"http:\/\/www.hochema.nl\/fr\/equipement\/fbl-7-9-11\/ \"><span style=\"color: #0000ff;\">Machines de nettoyage par arrosage<\/span><\/a><\/strong><\/span><\/span><\/strong><strong><span style=\"color: #0000ff;\"><span style=\"color: #0000ff;\"><strong><\/strong><\/span><\/span><\/strong><\/p>\n<p><strong><span style=\"color: #0000ff;\"><span style=\"color: #0000ff;\"><strong>&#8211; Cabines de sablage<\/strong><\/span><\/span><\/strong><\/p>\n<p><strong><span style=\"color: #0000ff;\"><span style=\"color: #0000ff;\"><strong>&#8211; <\/strong><\/span><span style=\"color: #0000ff;\"><strong>Installations de traitement des eaux us\u00e9es <\/strong><\/span><\/span><\/strong><\/p>\n<p><strong><span style=\"color: #0000ff;\"><span style=\"color: #0000ff;\"><strong>&#8211; Machines ex\u00e9cut\u00e9es sur demande<a href=\"http:\/\/www.hochema.nl\/nl\/wp-content\/uploads\/2008\/12\/hotandwiel21.jpg\"><\/a><\/strong><\/span><\/span><\/strong><\/p>\n<p><strong><span style=\"color: #0000ff;\"><span style=\"color: #0000ff;\"><strong>&#8211; <\/strong><\/span><span style=\"color: #0000ff;\"><strong><a href=\"http:\/\/www.hochema.nl\/fr\/equipement\/machines-au-trempe\/ \"><span style=\"color: #0000ff;\">Photos des machines nouveau et r\u00e9produits<\/span><\/a><\/strong><\/span><\/span><\/strong><\/p>\n<p><a href=\"http:\/\/www.hochema.nl\/nl\/wp-content\/uploads\/2008\/12\/hotandwiel21.jpg\"><span style=\"color: #0000ff;\"><img loading=\"lazy\" class=\"alignright size-full wp-image-557\" title=\"hotandwiel21\" src=\"http:\/\/www.hochema.nl\/nl\/wp-content\/uploads\/2008\/12\/hotandwiel21.jpg\" alt=\"\" width=\"200\" height=\"200\" \/><\/span><\/a><\/p>\n","protected":false},"excerpt":{"rendered":"<p>&#8211; Machines de trempage par Immersion &#8211; Machines\u00a0au tremp\u00e9\u00a0l&#8217;int\u00e9gration d&#8217;ultrasons &#8211; Machines de nettoyage par arrosage &#8211; Cabines de sablage &#8211; Installations de traitement des eaux us\u00e9es &#8211; Machines ex\u00e9cut\u00e9es sur demande &#8211; Photos des machines nouveau et r\u00e9produits<\/p>\n","protected":false},"author":2,"featured_media":0,"parent":0,"menu_order":30,"comment_status":"closed","ping_status":"closed","template":"","meta":{"ngg_post_thumbnail":0},"_links":{"self":[{"href":"https:\/\/www.hochema.nl\/fr\/wp-json\/wp\/v2\/pages\/12"}],"collection":[{"href":"https:\/\/www.hochema.nl\/fr\/wp-json\/wp\/v2\/pages"}],"about":[{"href":"https:\/\/www.hochema.nl\/fr\/wp-json\/wp\/v2\/types\/page"}],"author":[{"embeddable":true,"href":"https:\/\/www.hochema.nl\/fr\/wp-json\/wp\/v2\/users\/2"}],"replies":[{"embeddable":true,"href":"https:\/\/www.hochema.nl\/fr\/wp-json\/wp\/v2\/comments?post=12"}],"version-history":[{"count":25,"href":"https:\/\/www.hochema.nl\/fr\/wp-json\/wp\/v2\/pages\/12\/revisions"}],"predecessor-version":[{"id":29,"href":"https:\/\/www.hochema.nl\/fr\/wp-json\/wp\/v2\/pages\/12\/revisions\/29"}],"wp:attachment":[{"href":"https:\/\/www.hochema.nl\/fr\/wp-json\/wp\/v2\/media?parent=12"}],"curies":[{"name":"wp","href":"https:\/\/api.w.org\/{rel}","templated":true}]}}